{"id":16286,"date":"2020-11-04T08:57:43","date_gmt":"2020-11-04T07:57:43","guid":{"rendered":"https:\/\/boardinn.de\/instalaciones-del-hostal-board\/"},"modified":"2025-04-23T16:49:24","modified_gmt":"2025-04-23T14:49:24","slug":"instalaciones-del-hostal-board","status":"publish","type":"page","link":"https:\/\/boardinn.de\/es\/instalaciones-del-hostal-board\/","title":{"rendered":"Instalaciones del Hostal Board"},"content":{"rendered":"\t\t<div data-elementor-type=\"wp-page\" data-elementor-id=\"16286\" class=\"elementor elementor-16286 elementor-278\" data-elementor-post-type=\"page\">\n\t\t\t\t\t\t<section class=\"elementor-section elementor-top-section elementor-element elementor-element-d20e305 elementor-section-stretched elementor-section-boxed elementor-section-height-default elementor-section-height-default\" data-id=\"d20e305\" data-element_type=\"section\" data-settings=\"{&quot;stretch_section&quot;:&quot;section-stretched&quot;}\">\n\t\t\t\t\t\t<div class=\"elementor-container elementor-column-gap-default\">\n\t\t\t\t\t<div class=\"elementor-column elementor-col-33 elementor-top-column elementor-element elementor-element-5f9671d\" data-id=\"5f9671d\" data-element_type=\"column\">\n\t\t\t<div class=\"elementor-widget-wrap elementor-element-populated\">\n\t\t\t\t\t\t<div class=\"elementor-element elementor-element-ef8584c elementor-widget elementor-widget-stratum-flip-box\" data-id=\"ef8584c\" data-element_type=\"widget\" data-widget_type=\"stratum-flip-box.default\">\n\t\t\t\t<div class=\"elementor-widget-container\">\n\t\t\t\t\t<div class=\"stratum-flip-box flip-box-effect-flip flip-box-direction-right\">\n    <div class=\"stratum-flip-box__inner\">\n        <div class=\"stratum-flip-box__layer stratum-flip-box__front\">\n            <div class=\"stratum-flip-box__layer__overlay\">\n                <div class=\"stratum-flip-box__layer__inner\">\n\t\t\t\t\t<div class='stratum-flip-box__image'><img src='https:\/\/boardinn.de\/wp-content\/uploads\/2023\/10\/Icons_BoardInn_06.svg' class='stratum-flip-box__image wp-image-2149' srcset=''\/><\/div>                    <h3 class=\"stratum-flip-box__title\">WLAN Y 5G<\/h3>\n                    <div class=\"stratum-flip-box__description\">... gratis para todos.<\/div>\n                <\/div>\n            <\/div>\n        <\/div>\n\n        <div class=\"stratum-flip-box__layer stratum-flip-box__back\">\n            <div class=\"stratum-flip-box__layer__overlay\">\n                <div class=\"stratum-flip-box__layer__inner\">\n\t\t\t\t\t                    <h3 class=\"stratum-flip-box__title\">WLAN Y 5G<\/h3>\n                    <div class=\"stratum-flip-box__description\">El Board Inn dispone de WLAN gratuito. Los alrededores tambi\u00e9n est\u00e1n cubiertos por la red 5G. <\/div>\n\t\t\t\t\t\t\t\t\t<\/div>\n            <\/div>\n        <\/div>\n    <\/div>\n<\/div>\n\t\t\t\t<\/div>\n\t\t\t\t<\/div>\n\t\t\t\t\t<\/div>\n\t\t<\/div>\n\t\t\t\t<div class=\"elementor-column elementor-col-33 elementor-top-column elementor-element elementor-element-81e4291\" data-id=\"81e4291\" data-element_type=\"column\">\n\t\t\t<div class=\"elementor-widget-wrap elementor-element-populated\">\n\t\t\t\t\t\t<div class=\"elementor-element elementor-element-1836fea elementor-widget elementor-widget-stratum-flip-box\" data-id=\"1836fea\" data-element_type=\"widget\" data-widget_type=\"stratum-flip-box.default\">\n\t\t\t\t<div class=\"elementor-widget-container\">\n\t\t\t\t\t<div class=\"stratum-flip-box flip-box-effect-flip flip-box-direction-right\">\n    <div class=\"stratum-flip-box__inner\">\n        <div class=\"stratum-flip-box__layer stratum-flip-box__front\">\n            <div class=\"stratum-flip-box__layer__overlay\">\n                <div class=\"stratum-flip-box__layer__inner\">\n\t\t\t\t\t<div class='stratum-flip-box__image'><img src='https:\/\/boardinn.de\/wp-content\/uploads\/2023\/10\/Icons_BoardInn_05.svg' class='stratum-flip-box__image wp-image-2148' srcset=''\/><\/div>                    <h3 class=\"stratum-flip-box__title\">Lavadora y secadora<\/h3>\n                    <div class=\"stratum-flip-box__description\">... disponible para todos - con m\u00e1quina que funciona con monedas.<\/div>\n                <\/div>\n            <\/div>\n        <\/div>\n\n        <div class=\"stratum-flip-box__layer stratum-flip-box__back\">\n            <div class=\"stratum-flip-box__layer__overlay\">\n                <div class=\"stratum-flip-box__layer__inner\">\n\t\t\t\t\t                    <h3 class=\"stratum-flip-box__title\">Lavadero en el s\u00f3tano<\/h3>\n                    <div class=\"stratum-flip-box__description\">Hay lavadora y secadora en el s\u00f3tano del edificio. Est\u00e1n a disposici\u00f3n de todos los hu\u00e9spedes. <\/div>\n\t\t\t\t\t\t\t\t\t<\/div>\n            <\/div>\n        <\/div>\n    <\/div>\n<\/div>\n\t\t\t\t<\/div>\n\t\t\t\t<\/div>\n\t\t\t\t\t<\/div>\n\t\t<\/div>\n\t\t\t\t<div class=\"elementor-column elementor-col-33 elementor-top-column elementor-element elementor-element-40e87a5\" data-id=\"40e87a5\" data-element_type=\"column\">\n\t\t\t<div class=\"elementor-widget-wrap elementor-element-populated\">\n\t\t\t\t\t\t<div class=\"elementor-element elementor-element-60433d2 elementor-widget elementor-widget-stratum-flip-box\" data-id=\"60433d2\" data-element_type=\"widget\" data-widget_type=\"stratum-flip-box.default\">\n\t\t\t\t<div class=\"elementor-widget-container\">\n\t\t\t\t\t<div class=\"stratum-flip-box flip-box-effect-flip flip-box-direction-right\">\n    <div class=\"stratum-flip-box__inner\">\n        <div class=\"stratum-flip-box__layer stratum-flip-box__front\">\n            <div class=\"stratum-flip-box__layer__overlay\">\n                <div class=\"stratum-flip-box__layer__inner\">\n\t\t\t\t\t<div class='stratum-flip-box__image'><img src='https:\/\/boardinn.de\/wp-content\/uploads\/2023\/10\/Icons_BoardInn_04.svg' class='stratum-flip-box__image wp-image-2147' srcset=''\/><\/div>                    <h3 class=\"stratum-flip-box__title\">Vivir &quot;listo para entrar a vivir&quot;<\/h3>\n                    <div class=\"stratum-flip-box__description\">... se aplica a todos los pisos.<\/div>\n                <\/div>\n            <\/div>\n        <\/div>\n\n        <div class=\"stratum-flip-box__layer stratum-flip-box__back\">\n            <div class=\"stratum-flip-box__layer__overlay\">\n                <div class=\"stratum-flip-box__layer__inner\">\n\t\t\t\t\t                    <h3 class=\"stratum-flip-box__title\">Vivir &quot;listo para entrar a vivir&quot;<\/h3>\n                    <div class=\"stratum-flip-box__description\">Los pisos est\u00e1n totalmente equipados. El ba\u00f1o y la cocina tienen todos los utensilios necesarios para una buena estancia. <\/div>\n\t\t\t\t\t\t\t\t\t<\/div>\n            <\/div>\n        <\/div>\n    <\/div>\n<\/div>\n\t\t\t\t<\/div>\n\t\t\t\t<\/div>\n\t\t\t\t\t<\/div>\n\t\t<\/div>\n\t\t\t\t\t<\/div>\n\t\t<\/section>\n\t\t\t\t<section class=\"elementor-section elementor-top-section elementor-element elementor-element-8c8ffcd elementor-section-stretched elementor-section-boxed elementor-section-height-default elementor-section-height-default\" data-id=\"8c8ffcd\" data-element_type=\"section\" data-settings=\"{&quot;stretch_section&quot;:&quot;section-stretched&quot;}\">\n\t\t\t\t\t\t<div class=\"elementor-container elementor-column-gap-default\">\n\t\t\t\t\t<div class=\"elementor-column elementor-col-33 elementor-top-column elementor-element elementor-element-c156879\" data-id=\"c156879\" data-element_type=\"column\">\n\t\t\t<div class=\"elementor-widget-wrap elementor-element-populated\">\n\t\t\t\t\t\t<div class=\"elementor-element elementor-element-c44e54b elementor-widget elementor-widget-stratum-flip-box\" data-id=\"c44e54b\" data-element_type=\"widget\" data-widget_type=\"stratum-flip-box.default\">\n\t\t\t\t<div class=\"elementor-widget-container\">\n\t\t\t\t\t<div class=\"stratum-flip-box flip-box-effect-flip flip-box-direction-right\">\n    <div class=\"stratum-flip-box__inner\">\n        <div class=\"stratum-flip-box__layer stratum-flip-box__front\">\n            <div class=\"stratum-flip-box__layer__overlay\">\n                <div class=\"stratum-flip-box__layer__inner\">\n\t\t\t\t\t<div class='stratum-flip-box__image'><img src='https:\/\/boardinn.de\/wp-content\/uploads\/2023\/10\/Icons_BoardInn_03.svg' class='stratum-flip-box__image wp-image-2146' srcset=''\/><\/div>                    <h3 class=\"stratum-flip-box__title\">Aparcamiento y e-tanque*.<\/h3>\n                    <div class=\"stratum-flip-box__description\">... el aparcamiento es gratuito.<\/div>\n                <\/div>\n            <\/div>\n        <\/div>\n\n        <div class=\"stratum-flip-box__layer stratum-flip-box__back\">\n            <div class=\"stratum-flip-box__layer__overlay\">\n                <div class=\"stratum-flip-box__layer__inner\">\n\t\t\t\t\t                    <h3 class=\"stratum-flip-box__title\">Aparcamiento y e-tanque<\/h3>\n                    <div class=\"stratum-flip-box__description\">Hay un amplio aparcamiento en el patio interior a disposici\u00f3n de todos los hu\u00e9spedes, en el futuro equipado con dos estaciones de carga el\u00e9ctrica.<\/div>\n\t\t\t\t\t\t\t\t\t<\/div>\n            <\/div>\n        <\/div>\n    <\/div>\n<\/div>\n\t\t\t\t<\/div>\n\t\t\t\t<\/div>\n\t\t\t\t\t<\/div>\n\t\t<\/div>\n\t\t\t\t<div class=\"elementor-column elementor-col-33 elementor-top-column elementor-element elementor-element-ce8398e\" data-id=\"ce8398e\" data-element_type=\"column\">\n\t\t\t<div class=\"elementor-widget-wrap elementor-element-populated\">\n\t\t\t\t\t\t<div class=\"elementor-element elementor-element-e84cc10 elementor-widget elementor-widget-stratum-flip-box\" data-id=\"e84cc10\" data-element_type=\"widget\" data-widget_type=\"stratum-flip-box.default\">\n\t\t\t\t<div class=\"elementor-widget-container\">\n\t\t\t\t\t<div class=\"stratum-flip-box flip-box-effect-flip flip-box-direction-right\">\n    <div class=\"stratum-flip-box__inner\">\n        <div class=\"stratum-flip-box__layer stratum-flip-box__front\">\n            <div class=\"stratum-flip-box__layer__overlay\">\n                <div class=\"stratum-flip-box__layer__inner\">\n\t\t\t\t\t<div class='stratum-flip-box__image'><img src='https:\/\/boardinn.de\/wp-content\/uploads\/2023\/10\/Icons_BoardInn_01.svg' class='stratum-flip-box__image wp-image-2144' srcset=''\/><\/div>                    <h3 class=\"stratum-flip-box__title\">Bebidas y caf\u00e9<\/h3>\n                    <div class=\"stratum-flip-box__description\">... \u00a1en expansi\u00f3n!<\/div>\n                <\/div>\n            <\/div>\n        <\/div>\n\n        <div class=\"stratum-flip-box__layer stratum-flip-box__back\">\n            <div class=\"stratum-flip-box__layer__overlay\">\n                <div class=\"stratum-flip-box__layer__inner\">\n\t\t\t\t\t                    <h3 class=\"stratum-flip-box__title\">Bebidas y caf\u00e9<\/h3>\n                    <div class=\"stratum-flip-box__description\">Pronto habr\u00e1 m\u00e1quinas de bebidas y caf\u00e9 en el sal\u00f3n y en la sala de seminarios.<\/div>\n\t\t\t\t\t\t\t\t\t<\/div>\n            <\/div>\n        <\/div>\n    <\/div>\n<\/div>\n\t\t\t\t<\/div>\n\t\t\t\t<\/div>\n\t\t\t\t\t<\/div>\n\t\t<\/div>\n\t\t\t\t<div class=\"elementor-column elementor-col-33 elementor-top-column elementor-element elementor-element-d6683a0\" data-id=\"d6683a0\" data-element_type=\"column\">\n\t\t\t<div class=\"elementor-widget-wrap elementor-element-populated\">\n\t\t\t\t\t\t<div class=\"elementor-element elementor-element-859f117 elementor-widget elementor-widget-stratum-flip-box\" data-id=\"859f117\" data-element_type=\"widget\" data-widget_type=\"stratum-flip-box.default\">\n\t\t\t\t<div class=\"elementor-widget-container\">\n\t\t\t\t\t<div class=\"stratum-flip-box flip-box-effect-flip flip-box-direction-right\">\n    <div class=\"stratum-flip-box__inner\">\n        <div class=\"stratum-flip-box__layer stratum-flip-box__front\">\n            <div class=\"stratum-flip-box__layer__overlay\">\n                <div class=\"stratum-flip-box__layer__inner\">\n\t\t\t\t\t<div class='stratum-flip-box__image'><img src='https:\/\/boardinn.de\/wp-content\/uploads\/2023\/10\/Icons_BoardInn_02.svg' class='stratum-flip-box__image wp-image-2145' srcset=''\/><\/div>                    <h3 class=\"stratum-flip-box__title\">Estancia y Seminario<\/h3>\n                    <div class=\"stratum-flip-box__description\">... \u00a1en expansi\u00f3n!<\/div>\n                <\/div>\n            <\/div>\n        <\/div>\n\n        <div class=\"stratum-flip-box__layer stratum-flip-box__back\">\n            <div class=\"stratum-flip-box__layer__overlay\">\n                <div class=\"stratum-flip-box__layer__inner\">\n\t\t\t\t\t                    <h3 class=\"stratum-flip-box__title\">Estancia y Seminarios<\/h3>\n                    <div class=\"stratum-flip-box__description\">Pronto se pondr\u00e1 a disposici\u00f3n de todos los hu\u00e9spedes un sal\u00f3n con cocina americana y zona de estar al aire libre en el patio interior.<\/div>\n\t\t\t\t\t\t\t\t\t<\/div>\n            <\/div>\n        <\/div>\n    <\/div>\n<\/div>\n\t\t\t\t<\/div>\n\t\t\t\t<\/div>\n\t\t\t\t\t<\/div>\n\t\t<\/div>\n\t\t\t\t\t<\/div>\n\t\t<\/section>\n\t\t<div class=\"elementor-element elementor-element-25ec095 e-flex e-con-boxed e-con e-parent\" data-id=\"25ec095\" data-element_type=\"container\">\n\t\t\t\t\t<div class=\"e-con-inner\">\n\t\t\t\t<div class=\"elementor-element elementor-element-a6f6c52 outlined elementor-widget elementor-widget-heading\" data-id=\"a6f6c52\" data-element_type=\"widget\" data-widget_type=\"heading.default\">\n\t\t\t\t<div class=\"elementor-widget-container\">\n\t\t\t\t\t<h1 class=\"elementor-heading-title elementor-size-default\">equipo<\/h1>\t\t\t\t<\/div>\n\t\t\t\t<\/div>\n\t\t\t\t\t<\/div>\n\t\t\t\t<\/div>\n\t\t\t\t<section class=\"elementor-section elementor-top-section elementor-element elementor-element-7b9a4787 elementor-section-stretched elementor-section-boxed elementor-section-height-default elementor-section-height-default\" data-id=\"7b9a4787\" data-element_type=\"section\" data-settings=\"{&quot;background_background&quot;:&quot;classic&quot;,&quot;stretch_section&quot;:&quot;section-stretched&quot;}\">\n\t\t\t\t\t\t<div class=\"elementor-container elementor-column-gap-default\">\n\t\t\t\t\t<div class=\"elementor-column elementor-col-100 elementor-top-column elementor-element elementor-element-212dc05d\" data-id=\"212dc05d\" data-element_type=\"column\" data-settings=\"{&quot;background_background&quot;:&quot;classic&quot;}\">\n\t\t\t<div class=\"elementor-widget-wrap elementor-element-populated\">\n\t\t\t\t\t\t<div class=\"elementor-element elementor-element-effc933 elementor-widget elementor-widget-video\" data-id=\"effc933\" data-element_type=\"widget\" data-settings=\"{&quot;video_type&quot;:&quot;hosted&quot;,&quot;autoplay&quot;:&quot;yes&quot;,&quot;play_on_mobile&quot;:&quot;yes&quot;,&quot;mute&quot;:&quot;yes&quot;,&quot;loop&quot;:&quot;yes&quot;}\" data-widget_type=\"video.default\">\n\t\t\t\t<div class=\"elementor-widget-container\">\n\t\t\t\t\t\t\t<div class=\"e-hosted-video elementor-wrapper elementor-open-inline\">\n\t\t\t\t\t<video class=\"elementor-video\" src=\"https:\/\/boardinn.de\/wp-content\/uploads\/2024\/04\/V4-Line_720-1.mp4\" autoplay=\"\" loop=\"\" muted=\"muted\" playsinline=\"\" controlsList=\"nodownload\" poster=\"https:\/\/boardinn.de\/wp-content\/uploads\/2024\/01\/Board-Inn_HG02.jpg\"><\/video>\n\t\t\t\t<\/div>\n\t\t\t\t\t\t<\/div>\n\t\t\t\t<\/div>\n\t\t\t\t\t<\/div>\n\t\t<\/div>\n\t\t\t\t\t<\/div>\n\t\t<\/section>\n\t\t<div class=\"elementor-element elementor-element-22c1730 e-con-full e-flex e-con e-parent\" data-id=\"22c1730\" data-element_type=\"container\">\n\t\t\t\t<div class=\"elementor-element elementor-element-eee1d3d outlined elementor-widget elementor-widget-heading\" data-id=\"eee1d3d\" data-element_type=\"widget\" data-widget_type=\"heading.default\">\n\t\t\t\t<div class=\"elementor-widget-container\">\n\t\t\t\t\t<h1 class=\"elementor-heading-title elementor-size-default\">pensi\u00f3n regensburg<\/h1>\t\t\t\t<\/div>\n\t\t\t\t<\/div>\n\t\t\t\t<\/div>\n\t\t\t\t<\/div>\n\t\t","protected":false},"excerpt":{"rendered":"<p>Una estancia temporal requiere un equipamiento que te permita vivir de forma completa y autosuficiente, por eso todos los pisos BOARD INN de Ratisbona est\u00e1n &#8220;listos para entrar a vivir&#8221;.<\/p>\n","protected":false},"author":1,"featured_media":13497,"parent":0,"menu_order":0,"comment_status":"closed","ping_status":"closed","template":"","meta":{"inline_featured_image":false,"footnotes":""},"class_list":["post-16286","page","type-page","status-publish","has-post-thumbnail","hentry"],"aioseo_notices":[],"_links":{"self":[{"href":"https:\/\/boardinn.de\/es\/wp-json\/wp\/v2\/pages\/16286","targetHints":{"allow":["GET"]}}],"collection":[{"href":"https:\/\/boardinn.de\/es\/wp-json\/wp\/v2\/pages"}],"about":[{"href":"https:\/\/boardinn.de\/es\/wp-json\/wp\/v2\/types\/page"}],"author":[{"embeddable":true,"href":"https:\/\/boardinn.de\/es\/wp-json\/wp\/v2\/users\/1"}],"replies":[{"embeddable":true,"href":"https:\/\/boardinn.de\/es\/wp-json\/wp\/v2\/comments?post=16286"}],"version-history":[{"count":1,"href":"https:\/\/boardinn.de\/es\/wp-json\/wp\/v2\/pages\/16286\/revisions"}],"predecessor-version":[{"id":16289,"href":"https:\/\/boardinn.de\/es\/wp-json\/wp\/v2\/pages\/16286\/revisions\/16289"}],"wp:featuredmedia":[{"embeddable":true,"href":"https:\/\/boardinn.de\/es\/wp-json\/wp\/v2\/media\/13497"}],"wp:attachment":[{"href":"https:\/\/boardinn.de\/es\/wp-json\/wp\/v2\/media?parent=16286"}],"curies":[{"name":"wp","href":"https:\/\/api.w.org\/{rel}","templated":true}]}}