{"id":16294,"date":"2020-11-04T09:28:14","date_gmt":"2020-11-04T08:28:14","guid":{"rendered":"https:\/\/boardinn.de\/estancia-y-seminarios\/"},"modified":"2025-04-23T16:49:24","modified_gmt":"2025-04-23T14:49:24","slug":"estancia-y-seminarios","status":"publish","type":"page","link":"https:\/\/boardinn.de\/es\/estancia-y-seminarios\/","title":{"rendered":"Estancia y Seminarios"},"content":{"rendered":"\t\t<div data-elementor-type=\"wp-page\" data-elementor-id=\"16294\" class=\"elementor elementor-16294 elementor-306\" data-elementor-post-type=\"page\">\n\t\t\t\t\t\t<section class=\"elementor-section elementor-top-section elementor-element elementor-element-cb26f36 elementor-section-stretched elementor-section-boxed elementor-section-height-default elementor-section-height-default\" data-id=\"cb26f36\" data-element_type=\"section\" data-settings=\"{&quot;stretch_section&quot;:&quot;section-stretched&quot;}\">\n\t\t\t\t\t\t<div class=\"elementor-container elementor-column-gap-default\">\n\t\t\t\t\t<div class=\"elementor-column elementor-col-50 elementor-top-column elementor-element elementor-element-89dc140\" data-id=\"89dc140\" data-element_type=\"column\" data-settings=\"{&quot;background_background&quot;:&quot;classic&quot;}\">\n\t\t\t<div class=\"elementor-widget-wrap elementor-element-populated\">\n\t\t\t\t\t\t<div class=\"elementor-element elementor-element-75ad839 elementor-widget elementor-widget-image\" data-id=\"75ad839\" data-element_type=\"widget\" data-widget_type=\"image.default\">\n\t\t\t\t<div class=\"elementor-widget-container\">\n\t\t\t\t\t\t\t\t\t\t\t\t\t\t\t<img fetchpriority=\"high\" decoding=\"async\" width=\"536\" height=\"472\" src=\"https:\/\/boardinn.de\/wp-content\/uploads\/2024\/04\/Lounge_Treffpunkt-2.png\" class=\"attachment-albatross-large size-albatross-large wp-image-13341\" alt=\"\" srcset=\"https:\/\/boardinn.de\/wp-content\/uploads\/2024\/04\/Lounge_Treffpunkt-2.png 536w, https:\/\/boardinn.de\/wp-content\/uploads\/2024\/04\/Lounge_Treffpunkt-2-300x264.png 300w, https:\/\/boardinn.de\/wp-content\/uploads\/2024\/04\/Lounge_Treffpunkt-2-341x300.png 341w\" sizes=\"(max-width: 536px) 100vw, 536px\" \/>\t\t\t\t\t\t\t\t\t\t\t\t\t\t\t<\/div>\n\t\t\t\t<\/div>\n\t\t\t\t\t<\/div>\n\t\t<\/div>\n\t\t\t\t<div class=\"elementor-column elementor-col-50 elementor-top-column elementor-element elementor-element-1c5e3e8\" data-id=\"1c5e3e8\" data-element_type=\"column\" data-settings=\"{&quot;background_background&quot;:&quot;classic&quot;}\">\n\t\t\t<div class=\"elementor-widget-wrap elementor-element-populated\">\n\t\t\t\t\t\t<div class=\"elementor-element elementor-element-d2dd28f elementor-widget elementor-widget-heading\" data-id=\"d2dd28f\" data-element_type=\"widget\" data-widget_type=\"heading.default\">\n\t\t\t\t<div class=\"elementor-widget-container\">\n\t\t\t\t\t<h2 class=\"elementor-heading-title elementor-size-default\">&amp; Punto de encuentro  <\/h2>\t\t\t\t<\/div>\n\t\t\t\t<\/div>\n\t\t\t\t<div class=\"elementor-element elementor-element-a6b8f8d elementor-widget elementor-widget-text-editor\" data-id=\"a6b8f8d\" data-element_type=\"widget\" data-widget_type=\"text-editor.default\">\n\t\t\t\t<div class=\"elementor-widget-container\">\n\t\t\t\t\t\t\t\t\t<p>En la zona trasera del edificio principal, dentro de unos meses se crear\u00e1 una sala para grupos o seminarios, de uso flexible y que se podr\u00e1 reservar, con calidad de sal\u00f3n, incluida cocina, asientos cubiertos al aire libre y acceso independiente. Los visitantes tendr\u00e1n acceso a m\u00e1quinas de bebidas y caf\u00e9, TV y WLAN, juegos, mesas de comedor y muebles de sal\u00f3n.    <br>Su uso est\u00e1 orientado a la demanda y puede reservarse tanto interna como externamente para visitantes de la casa o grupos.  <br>Se puede acceder a la sala de estar tanto desde dentro como desde fuera del edificio. Dentro del edificio, el acceso permanece abierto las 24 horas del d\u00eda. <br><br><\/p>\t\t\t\t\t\t\t\t<\/div>\n\t\t\t\t<\/div>\n\t\t\t\t\t<\/div>\n\t\t<\/div>\n\t\t\t\t\t<\/div>\n\t\t<\/section>\n\t\t\t\t<section class=\"elementor-section elementor-top-section elementor-element elementor-element-6608383 elementor-section-stretched elementor-section-boxed elementor-section-height-default elementor-section-height-default\" data-id=\"6608383\" data-element_type=\"section\" data-settings=\"{&quot;stretch_section&quot;:&quot;section-stretched&quot;}\">\n\t\t\t\t\t\t<div class=\"elementor-container elementor-column-gap-default\">\n\t\t\t\t\t<div class=\"elementor-column elementor-col-100 elementor-top-column elementor-element elementor-element-832649d\" data-id=\"832649d\" data-element_type=\"column\">\n\t\t\t<div class=\"elementor-widget-wrap elementor-element-populated\">\n\t\t\t\t\t\t<div class=\"elementor-element elementor-element-848fa5e outlined elementor-widget elementor-widget-heading\" data-id=\"848fa5e\" data-element_type=\"widget\" data-widget_type=\"heading.default\">\n\t\t\t\t<div class=\"elementor-widget-container\">\n\t\t\t\t\t<h1 class=\"elementor-heading-title elementor-size-default\">estancia y seminarios<\/h1>\t\t\t\t<\/div>\n\t\t\t\t<\/div>\n\t\t\t\t\t<\/div>\n\t\t<\/div>\n\t\t\t\t\t<\/div>\n\t\t<\/section>\n\t\t\t\t<section class=\"elementor-section elementor-top-section elementor-element elementor-element-5d7f2994 elementor-section-stretched elementor-section-boxed elementor-section-height-default elementor-section-height-default\" data-id=\"5d7f2994\" data-element_type=\"section\" data-settings=\"{&quot;background_background&quot;:&quot;classic&quot;,&quot;stretch_section&quot;:&quot;section-stretched&quot;}\">\n\t\t\t\t\t\t<div class=\"elementor-container elementor-column-gap-default\">\n\t\t\t\t\t<div class=\"elementor-column elementor-col-100 elementor-top-column elementor-element elementor-element-b1c75b\" data-id=\"b1c75b\" data-element_type=\"column\" data-settings=\"{&quot;background_background&quot;:&quot;classic&quot;}\">\n\t\t\t<div class=\"elementor-widget-wrap elementor-element-populated\">\n\t\t\t\t\t\t<div class=\"elementor-element elementor-element-12082185 elementor-widget elementor-widget-video\" data-id=\"12082185\" data-element_type=\"widget\" data-settings=\"{&quot;video_type&quot;:&quot;hosted&quot;,&quot;autoplay&quot;:&quot;yes&quot;,&quot;play_on_mobile&quot;:&quot;yes&quot;,&quot;mute&quot;:&quot;yes&quot;,&quot;loop&quot;:&quot;yes&quot;}\" data-widget_type=\"video.default\">\n\t\t\t\t<div class=\"elementor-widget-container\">\n\t\t\t\t\t\t\t<div class=\"e-hosted-video elementor-wrapper elementor-open-inline\">\n\t\t\t\t\t<video class=\"elementor-video\" src=\"https:\/\/boardinn.de\/wp-content\/uploads\/2024\/04\/V7-Line_480.mp4\" autoplay=\"\" loop=\"\" muted=\"muted\" playsinline=\"\" controlsList=\"nodownload\" poster=\"https:\/\/boardinn.de\/wp-content\/uploads\/2024\/01\/Board-Inn_HG02.jpg\"><\/video>\n\t\t\t\t<\/div>\n\t\t\t\t\t\t<\/div>\n\t\t\t\t<\/div>\n\t\t\t\t\t<\/div>\n\t\t<\/div>\n\t\t\t\t\t<\/div>\n\t\t<\/section>\n\t\t\t\t<\/div>\n\t\t","protected":false},"excerpt":{"rendered":"<p>No es porque haya frialdad entre la gente por lo que no nos atrevemos a reunirnos. Es porque no nos atrevemos a encontrarnos por lo que hay frialdad entre las personas.<br \/>\nKurt Haberstich (*1948), escritor y aforista suizo<\/p>\n","protected":false},"author":1,"featured_media":13276,"parent":0,"menu_order":0,"comment_status":"closed","ping_status":"closed","template":"","meta":{"inline_featured_image":false,"footnotes":""},"class_list":["post-16294","page","type-page","status-publish","has-post-thumbnail","hentry"],"aioseo_notices":[],"_links":{"self":[{"href":"https:\/\/boardinn.de\/es\/wp-json\/wp\/v2\/pages\/16294","targetHints":{"allow":["GET"]}}],"collection":[{"href":"https:\/\/boardinn.de\/es\/wp-json\/wp\/v2\/pages"}],"about":[{"href":"https:\/\/boardinn.de\/es\/wp-json\/wp\/v2\/types\/page"}],"author":[{"embeddable":true,"href":"https:\/\/boardinn.de\/es\/wp-json\/wp\/v2\/users\/1"}],"replies":[{"embeddable":true,"href":"https:\/\/boardinn.de\/es\/wp-json\/wp\/v2\/comments?post=16294"}],"version-history":[{"count":1,"href":"https:\/\/boardinn.de\/es\/wp-json\/wp\/v2\/pages\/16294\/revisions"}],"predecessor-version":[{"id":16296,"href":"https:\/\/boardinn.de\/es\/wp-json\/wp\/v2\/pages\/16294\/revisions\/16296"}],"wp:featuredmedia":[{"embeddable":true,"href":"https:\/\/boardinn.de\/es\/wp-json\/wp\/v2\/media\/13276"}],"wp:attachment":[{"href":"https:\/\/boardinn.de\/es\/wp-json\/wp\/v2\/media?parent=16294"}],"curies":[{"name":"wp","href":"https:\/\/api.w.org\/{rel}","templated":true}]}}