{"id":16825,"date":"2025-05-22T16:15:48","date_gmt":"2025-05-22T14:15:48","guid":{"rendered":"https:\/\/boardinn.de\/confirmacion-de-auto-check-in\/"},"modified":"2025-10-25T00:07:37","modified_gmt":"2025-10-24T22:07:37","slug":"confirmacion-de-auto-check-in","status":"publish","type":"page","link":"https:\/\/boardinn.de\/es\/confirmacion-de-auto-check-in\/","title":{"rendered":"Confirmaci\u00f3n de auto check-in"},"content":{"rendered":"\t\t<div data-elementor-type=\"wp-page\" data-elementor-id=\"16825\" class=\"elementor elementor-16825 elementor-16749\" data-elementor-post-type=\"page\">\n\t\t\t\t<div class=\"elementor-element elementor-element-c3c6c52 e-flex e-con-boxed e-con e-parent\" data-id=\"c3c6c52\" data-element_type=\"container\">\n\t\t\t\t\t<div class=\"e-con-inner\">\n\t\t\t\t<div class=\"elementor-element elementor-element-3225dd8 elementor-widget elementor-widget-heading\" data-id=\"3225dd8\" data-element_type=\"widget\" data-widget_type=\"heading.default\">\n\t\t\t\t<div class=\"elementor-widget-container\">\n\t\t\t\t\t<h2 class=\"elementor-heading-title elementor-size-default\">Notas importantes sobre la inscripci\u00f3n<\/h2>\t\t\t\t<\/div>\n\t\t\t\t<\/div>\n\t\t\t\t\t<\/div>\n\t\t\t\t<\/div>\n\t\t<div class=\"elementor-element elementor-element-4e89d673 e-flex e-con-boxed e-con e-parent\" data-id=\"4e89d673\" data-element_type=\"container\">\n\t\t\t\t\t<div class=\"e-con-inner\">\n\t\t\t\t<div class=\"elementor-element elementor-element-4a0edf88 elementor-widget elementor-widget-image\" data-id=\"4a0edf88\" data-element_type=\"widget\" data-widget_type=\"image.default\">\n\t\t\t\t<div class=\"elementor-widget-container\">\n\t\t\t\t\t\t\t\t\t\t\t\t\t\t\t<img decoding=\"async\" src=\"https:\/\/boardinn.de\/wp-content\/uploads\/2025\/05\/KeyCheckIn-Hand2-Best-cam2-600x459.png\" title=\"KeyCheckIn-Hand2-Best-cam2\" alt=\"KeyCheckIn-Hand2-Best-cam2\" loading=\"lazy\" \/>\t\t\t\t\t\t\t\t\t\t\t\t\t\t\t<\/div>\n\t\t\t\t<\/div>\n\t\t\t\t\t<\/div>\n\t\t\t\t<\/div>\n\t\t<div class=\"elementor-element elementor-element-2be5d69 e-flex e-con-boxed e-con e-parent\" data-id=\"2be5d69\" data-element_type=\"container\">\n\t\t\t\t\t<div class=\"e-con-inner\">\n\t\t\t\t<div class=\"elementor-element elementor-element-539049d elementor-widget elementor-widget-text-editor\" data-id=\"539049d\" data-element_type=\"widget\" data-widget_type=\"text-editor.default\">\n\t\t\t\t<div class=\"elementor-widget-container\">\n\t\t\t\t\t\t\t\t\t<h3 class=\"p1\"><span class=\"s1\">Tenlo en cuenta:<\/span><\/h3><p class=\"p1\"><span class=\"s2\">Has hecho una reserva para un n\u00famero determinado de personas. Cualquier pernoctaci\u00f3n espont\u00e1nea accidental o necesaria de personas adicionales debe <span style=\"text-decoration: underline;\">notificarse inmediatamente<\/span>. <\/span><\/p><ul class=\"ul1\"><li class=\"li1\"><span class=\"s2\">El <strong>alojamiento de<\/strong> m\u00e1s personas, incluso posteriormente &#8230;<\/span><\/li><li class=\"li1\"><span class=\"s2\">La <strong>cesi\u00f3n<\/strong> de los pisos a otras personas &#8230;<\/span><\/li><li class=\"li1\"><span class=\"s2\"><strong>Pasar<\/strong> la llave a otras personas o a personas adicionales &#8230;<\/span><\/li><\/ul><p class=\"p1\"><span class=\"s2\">no est\u00e1 permitida sin nuestro conocimiento o consentimiento, conlleva la ruptura del contrato sin previo aviso y la <strong>salida inmediata<\/strong>, sin derecho al reembolso del tiempo de reserva restante, comparable y correspondiente a la cancelaci\u00f3n en caso de no llegada (de acuerdo con las Condiciones Generales).<\/span><\/p><p class=\"p1\"><span class=\"s2\">En lugar de la salida inmediata, nos reservamos el derecho, en casos concretos, de facturar inmediatamente el periodo completo de la reserva para el n\u00famero de personas correspondiente seg\u00fan nuestros precios. Esto se aplica a <span style=\"text-decoration: underline;\">partir de una sola pernoctaci\u00f3n no registrada<\/span>. <\/span><\/p><p class=\"p1\"><span class=\"s2\">La relaci\u00f3n contractual s\u00f3lo se considerar\u00e1 subsanada y el alojamiento reservado podr\u00e1 continuar -con o sin hu\u00e9spedes adicionales- en caso de liquidaci\u00f3n posterior aceptada por nosotros.  <\/span><\/p><p class=\"p1\"><span class=\"s2\">En caso contrario, se aplican <a title=\"Condiciones generales\" href=\"https:\/\/boardinn.de\/es\/condiciones-generales\/\">las CGC<\/a><\/span><\/p>\t\t\t\t\t\t\t\t<\/div>\n\t\t\t\t<\/div>\n\t\t\t\t\t<\/div>\n\t\t\t\t<\/div>\n\t\t\t\t<\/div>\n\t\t","protected":false},"excerpt":{"rendered":"<p>Notas importantes sobre la inscripci\u00f3n Tenlo en cuenta: Has hecho una reserva para un n\u00famero determinado de personas. Cualquier pernoctaci\u00f3n espont\u00e1nea accidental o necesaria de personas adicionales debe notificarse inmediatamente. El alojamiento de m\u00e1s personas, incluso posteriormente &#8230; La cesi\u00f3n de los pisos a otras personas &#8230; Pasar la llave a otras personas o a [&hellip;]<\/p>\n","protected":false},"author":1,"featured_media":0,"parent":0,"menu_order":0,"comment_status":"closed","ping_status":"closed","template":"","meta":{"inline_featured_image":false,"footnotes":""},"class_list":["post-16825","page","type-page","status-publish","hentry"],"aioseo_notices":[],"_links":{"self":[{"href":"https:\/\/boardinn.de\/es\/wp-json\/wp\/v2\/pages\/16825","targetHints":{"allow":["GET"]}}],"collection":[{"href":"https:\/\/boardinn.de\/es\/wp-json\/wp\/v2\/pages"}],"about":[{"href":"https:\/\/boardinn.de\/es\/wp-json\/wp\/v2\/types\/page"}],"author":[{"embeddable":true,"href":"https:\/\/boardinn.de\/es\/wp-json\/wp\/v2\/users\/1"}],"replies":[{"embeddable":true,"href":"https:\/\/boardinn.de\/es\/wp-json\/wp\/v2\/comments?post=16825"}],"version-history":[{"count":3,"href":"https:\/\/boardinn.de\/es\/wp-json\/wp\/v2\/pages\/16825\/revisions"}],"predecessor-version":[{"id":18252,"href":"https:\/\/boardinn.de\/es\/wp-json\/wp\/v2\/pages\/16825\/revisions\/18252"}],"wp:attachment":[{"href":"https:\/\/boardinn.de\/es\/wp-json\/wp\/v2\/media?parent=16825"}],"curies":[{"name":"wp","href":"https:\/\/api.w.org\/{rel}","templated":true}]}}