{"id":15758,"date":"2023-10-20T19:54:10","date_gmt":"2023-10-20T17:54:10","guid":{"rendered":"https:\/\/boardinn.de\/mentions-legales\/"},"modified":"2025-04-23T16:29:29","modified_gmt":"2025-04-23T14:29:29","slug":"mentions-legales","status":"publish","type":"page","link":"https:\/\/boardinn.de\/fr\/mentions-legales\/","title":{"rendered":"Mentions l\u00e9gales"},"content":{"rendered":"\t\t<div data-elementor-type=\"wp-page\" data-elementor-id=\"15758\" class=\"elementor elementor-15758 elementor-976\" data-elementor-post-type=\"page\">\n\t\t\t\t<div class=\"elementor-element elementor-element-9739fa2 e-flex e-con-boxed e-con e-parent\" data-id=\"9739fa2\" data-element_type=\"container\">\n\t\t\t\t\t<div class=\"e-con-inner\">\n\t\t\t\t<div class=\"elementor-element elementor-element-4929d2d elementor-widget elementor-widget-heading\" data-id=\"4929d2d\" data-element_type=\"widget\" data-widget_type=\"heading.default\">\n\t\t\t\t<div class=\"elementor-widget-container\">\n\t\t\t\t\t<h2 class=\"elementor-heading-title elementor-size-default\">Mentions l\u00e9gales<\/h2>\t\t\t\t<\/div>\n\t\t\t\t<\/div>\n\t\t\t\t\t<\/div>\n\t\t\t\t<\/div>\n\t\t<div class=\"elementor-element elementor-element-6896d2f e-flex e-con-boxed e-con e-parent\" data-id=\"6896d2f\" data-element_type=\"container\">\n\t\t\t\t\t<div class=\"e-con-inner\">\n\t\t<div class=\"elementor-element elementor-element-7d0149a e-con-full e-flex e-con e-child\" data-id=\"7d0149a\" data-element_type=\"container\">\n\t\t\t\t<div class=\"elementor-element elementor-element-4a0226c elementor-widget elementor-widget-text-editor\" data-id=\"4a0226c\" data-element_type=\"widget\" data-widget_type=\"text-editor.default\">\n\t\t\t\t<div class=\"elementor-widget-container\">\n\t\t\t\t\t\t\t\t\t<p><\/p>\n<h4>Nom de la soci\u00e9t\u00e9 &amp; adresse de l&#8217;entreprise :<\/h4>\n<p><\/p>\n<p><strong>BOARD INN &#8211; Maison de Ratisbonne<br><\/strong>Liebigstra\u00dfe 8<br>93055 Ratisbonne<\/p>\n<p><\/p>\n<p>49 (0) 941 20 910 844<br>Mail : info(at)boardinn.de<br>Web : <a title=\"Board Inn - Maison Regensburg\" href=\"https:\/\/www.boardinn.de\">www.boardinn.de<\/a> <\/p>\n<p>Num\u00e9ro de TVA intracommunautaire : DE225793669<\/p>\n<p><\/p>\n<p> <\/p>\n<p><\/p>\n<p><\/p>\n<p><\/p>\n<p><\/p>\t\t\t\t\t\t\t\t<\/div>\n\t\t\t\t<\/div>\n\t\t\t\t<\/div>\n\t\t<div class=\"elementor-element elementor-element-cd2e2be e-con-full e-flex e-con e-child\" data-id=\"cd2e2be\" data-element_type=\"container\">\n\t\t\t\t<div class=\"elementor-element elementor-element-fccacc4 elementor-widget elementor-widget-text-editor\" data-id=\"fccacc4\" data-element_type=\"widget\" data-widget_type=\"text-editor.default\">\n\t\t\t\t<div class=\"elementor-widget-container\">\n\t\t\t\t\t\t\t\t\t<p><\/p>\n<p><\/p>\n<p><\/p>\n<h4>Responsable du contenu \u00e9ditorial :<\/h4>\n<p><\/p>\n<p>Susanne Amann<br>Tous droits r\u00e9serv\u00e9s<\/p>\n<p><\/p>\n<h4>Droits d&#8217;image :<\/h4>\n<p><\/p>\n<p>Les droits d&#8217;image sont la propri\u00e9t\u00e9 exclusive de Susanne Amann.<\/p>\n<p><\/p>\n<p><\/p>\n<p><\/p>\t\t\t\t\t\t\t\t<\/div>\n\t\t\t\t<\/div>\n\t\t\t\t<\/div>\n\t\t\t\t\t<\/div>\n\t\t\t\t<\/div>\n\t\t<div class=\"elementor-element elementor-element-1982ee2 e-flex e-con-boxed e-con e-parent\" data-id=\"1982ee2\" data-element_type=\"container\">\n\t\t\t\t\t<div class=\"e-con-inner\">\n\t\t\t\t<div class=\"elementor-element elementor-element-158affe elementor-widget elementor-widget-text-editor\" data-id=\"158affe\" data-element_type=\"widget\" data-widget_type=\"text-editor.default\">\n\t\t\t\t<div class=\"elementor-widget-container\">\n\t\t\t\t\t\t\t\t\t<p><\/p>\n<p>Obligation d&#8217;\u00e9tiquetage conform\u00e9ment \u00e0 la loi sur les t\u00e9l\u00e9services (dans la version du 21 d\u00e9c. 2001).<\/p>\n<p><\/p>\n<p><\/p>\n<p><\/p>\n<p><\/p>\n<p><\/p>\t\t\t\t\t\t\t\t<\/div>\n\t\t\t\t<\/div>\n\t\t\t\t\t<\/div>\n\t\t\t\t<\/div>\n\t\t<div class=\"elementor-element elementor-element-77488713 e-flex e-con-boxed e-con e-parent\" data-id=\"77488713\" data-element_type=\"container\">\n\t\t\t\t\t<div class=\"e-con-inner\">\n\t\t\t\t<div class=\"elementor-element elementor-element-5e1753c2 elementor-widget elementor-widget-text-editor\" data-id=\"5e1753c2\" data-element_type=\"widget\" data-widget_type=\"text-editor.default\">\n\t\t\t\t<div class=\"elementor-widget-container\">\n\t\t\t\t\t\t\t\t\t<p><\/p>\n<p><\/p>\n<p><\/p>\n<p><\/p>\n<p><\/p>\n<h3>Clause de non-responsabilit\u00e9<\/h3>\n<p><\/p>\n<h4>1. contenu de l&#8217;offre en ligne<\/h4>\n<p><\/p>\n<p>Board Inn ne garantit pas l&#8217;actualit\u00e9, l&#8217;exactitude, l&#8217;exhaustivit\u00e9 ou la qualit\u00e9 des informations fournies. La responsabilit\u00e9 de schmid architekten ne saurait \u00eatre engag\u00e9e en cas de dommages mat\u00e9riels ou immat\u00e9riels caus\u00e9s par l&#8217;utilisation ou la non-utilisation des informations pr\u00e9sent\u00e9es ou par l&#8217;utilisation d&#8217;informations erron\u00e9es ou incompl\u00e8tes, dans la mesure o\u00f9 il n&#8217;est pas prouv\u00e9 que schmid architekten a commis une faute intentionnelle ou une n\u00e9gligence grave.<br>Toutes les offres sont sans engagement et non contractuelles. Board Inn se r\u00e9serve express\u00e9ment le droit de modifier, de compl\u00e9ter ou de supprimer des parties de pages ou l&#8217;ensemble de l&#8217;offre sans avis pr\u00e9alable, ou d&#8217;en suspendre temporairement ou d\u00e9finitivement la publication.  <\/p>\n<p><\/p>\n<h4>2. r\u00e9f\u00e9rences et liens<\/h4>\n<p><\/p>\n<p>En ce qui concerne les liens directs ou indirects vers d&#8217;autres sites web (&#8220;hyperliens&#8221;) qui ne rel\u00e8vent pas de la responsabilit\u00e9 de Board Inn, sa responsabilit\u00e9 ne serait engag\u00e9e que dans le cas o\u00f9 Board Inn aurait connaissance des contenus et qu&#8217;il lui serait techniquement possible et raisonnable d&#8217;emp\u00eacher l&#8217;utilisation de contenus ill\u00e9gaux.<br>Board Inn d\u00e9clare express\u00e9ment qu&#8217;au moment de l&#8217;\u00e9tablissement des liens, aucun contenu ill\u00e9gal n&#8217;\u00e9tait identifiable sur les pages vers lesquelles ils renvoient. Board Inn n&#8217;a aucune influence sur la conception actuelle et future, les contenus ou les droits d&#8217;auteur des pages li\u00e9es\/associ\u00e9es. C&#8217;est pourquoi nous prenons express\u00e9ment nos distances par rapport \u00e0 tous les contenus des pages li\u00e9es\/associ\u00e9es qui ont \u00e9t\u00e9 modifi\u00e9es apr\u00e8s la cr\u00e9ation des liens. Cette constatation s&#8217;applique \u00e0 tous les liens et renvois plac\u00e9s au sein de l&#8217;offre Internet de l&#8217;auteur ainsi qu&#8217;aux inscriptions de tiers dans les livres d&#8217;or, forums de discussion, r\u00e9pertoires de liens, listes de diffusion et toutes autres formes de bases de donn\u00e9es cr\u00e9\u00e9es par l&#8217;auteur et dont le contenu peut \u00eatre consult\u00e9 en \u00e9criture par des tiers. Seul le fournisseur de la page \u00e0 laquelle il a \u00e9t\u00e9 renvoy\u00e9 est responsable des contenus ill\u00e9gaux, erron\u00e9s ou incomplets et en particulier des dommages r\u00e9sultant de l&#8217;utilisation ou de la non-utilisation des informations ainsi pr\u00e9sent\u00e9es, et non celui qui ne fait que renvoyer \u00e0 la publication concern\u00e9e par le biais de liens.    <\/p>\n<p><\/p>\n<h4>3. droit d&#8217;auteur et droit des signes distinctifs<\/h4>\n<p><\/p>\n<p>Board Inn s&#8217;efforce de respecter dans toutes les publications les droits d&#8217;auteur des images, graphiques, documents sonores, s\u00e9quences vid\u00e9o et textes utilis\u00e9s, d&#8217;utiliser des images, graphiques, documents sonores, s\u00e9quences vid\u00e9o et textes qu&#8217;il a lui-m\u00eame cr\u00e9\u00e9s ou de recourir \u00e0 des graphiques, documents sonores, s\u00e9quences vid\u00e9o et textes libres de droits.<br>Toutes les marques et marques d\u00e9pos\u00e9es mentionn\u00e9es dans l&#8217;offre Internet et \u00e9ventuellement prot\u00e9g\u00e9es par des tiers sont soumises sans restriction aux dispositions du droit des marques en vigueur et aux droits de propri\u00e9t\u00e9 des propri\u00e9taires enregistr\u00e9s respectifs. La simple mention d&#8217;une marque ne permet pas d&#8217;en d\u00e9duire qu&#8217;elle n&#8217;est pas prot\u00e9g\u00e9e par des droits de tiers ! <br>Le copyright des objets publi\u00e9s et cr\u00e9\u00e9s par l&#8217;auteur lui-m\u00eame reste la propri\u00e9t\u00e9 exclusive de l&#8217;auteur des pages. Toute reproduction ou utilisation de tels graphiques, documents sonores, s\u00e9quences vid\u00e9o et textes dans d&#8217;autres publications \u00e9lectroniques ou imprim\u00e9es est interdite sans l&#8217;autorisation expresse de schmid architekten. <\/p>\n<p><\/p>\n<h4>4. protection des donn\u00e9es<\/h4>\n<p><\/p>\n<p>Dans la mesure o\u00f9 il est possible de saisir des donn\u00e9es personnelles ou professionnelles (adresses e-mail, noms, adresses) dans le cadre de l&#8217;offre Internet, la divulgation de ces donn\u00e9es par l&#8217;utilisateur se fait sur une base express\u00e9ment volontaire. L&#8217;utilisation et le paiement de tous les services propos\u00e9s sont autoris\u00e9s &#8211; dans la mesure o\u00f9 cela est techniquement possible et raisonnable &#8211; m\u00eame sans indication de telles donn\u00e9es ou en indiquant des donn\u00e9es anonymes ou un pseudonyme. L&#8217;utilisation par des tiers des donn\u00e9es de contact publi\u00e9es dans le cadre des mentions l\u00e9gales ou d&#8217;indications comparables, telles que les adresses postales, les num\u00e9ros de t\u00e9l\u00e9phone et de fax ainsi que les adresses e-mail, pour l&#8217;envoi d&#8217;informations non express\u00e9ment demand\u00e9es est interdite. Nous nous r\u00e9servons express\u00e9ment le droit d&#8217;engager des poursuites judiciaires contre les exp\u00e9diteurs de spams en cas de non-respect de cette interdiction.   <\/p>\n<p><\/p>\n<h4>5) Effet juridique de la pr\u00e9sente clause de non-responsabilit\u00e9<\/h4>\n<p><\/p>\n<p>La pr\u00e9sente exclusion de responsabilit\u00e9 doit \u00eatre consid\u00e9r\u00e9e comme faisant partie int\u00e9grante de l&#8217;offre Internet \u00e0 partir de laquelle il a \u00e9t\u00e9 fait r\u00e9f\u00e9rence \u00e0 cette page. Si des parties ou certaines formulations de ce texte ne devaient pas, plus ou pas enti\u00e8rement correspondre \u00e0 la situation juridique en vigueur, les autres parties du document n&#8217;en seraient pas affect\u00e9es dans leur contenu et leur validit\u00e9. <\/p>\n<p><\/p>\t\t\t\t\t\t\t\t<\/div>\n\t\t\t\t<\/div>\n\t\t\t\t\t<\/div>\n\t\t\t\t<\/div>\n\t\t\t\t<\/div>\n\t\t","protected":false},"excerpt":{"rendered":"<p>Mentions l\u00e9gales Nom de la soci\u00e9t\u00e9 &amp; adresse de l&#8217;entreprise : BOARD INN &#8211; Maison de RatisbonneLiebigstra\u00dfe 893055 Ratisbonne 49 (0) 941 20 910 844Mail : info(at)boardinn.deWeb : www.boardinn.de Num\u00e9ro de TVA intracommunautaire : DE225793669 Responsable du contenu \u00e9ditorial : Susanne AmannTous droits r\u00e9serv\u00e9s Droits d&#8217;image : Les droits d&#8217;image sont la propri\u00e9t\u00e9 exclusive de [&hellip;]<\/p>\n","protected":false},"author":1,"featured_media":0,"parent":0,"menu_order":0,"comment_status":"closed","ping_status":"closed","template":"","meta":{"inline_featured_image":false,"footnotes":""},"class_list":["post-15758","page","type-page","status-publish","hentry"],"aioseo_notices":[],"_links":{"self":[{"href":"https:\/\/boardinn.de\/fr\/wp-json\/wp\/v2\/pages\/15758","targetHints":{"allow":["GET"]}}],"collection":[{"href":"https:\/\/boardinn.de\/fr\/wp-json\/wp\/v2\/pages"}],"about":[{"href":"https:\/\/boardinn.de\/fr\/wp-json\/wp\/v2\/types\/page"}],"author":[{"embeddable":true,"href":"https:\/\/boardinn.de\/fr\/wp-json\/wp\/v2\/users\/1"}],"replies":[{"embeddable":true,"href":"https:\/\/boardinn.de\/fr\/wp-json\/wp\/v2\/comments?post=15758"}],"version-history":[{"count":11,"href":"https:\/\/boardinn.de\/fr\/wp-json\/wp\/v2\/pages\/15758\/revisions"}],"predecessor-version":[{"id":15798,"href":"https:\/\/boardinn.de\/fr\/wp-json\/wp\/v2\/pages\/15758\/revisions\/15798"}],"wp:attachment":[{"href":"https:\/\/boardinn.de\/fr\/wp-json\/wp\/v2\/media?parent=15758"}],"curies":[{"name":"wp","href":"https:\/\/api.w.org\/{rel}","templated":true}]}}