{"id":15816,"date":"2020-11-03T20:11:24","date_gmt":"2020-11-03T19:11:24","guid":{"rendered":"https:\/\/boardinn.de\/board-inn-la-maison-dhotes\/"},"modified":"2025-04-23T16:48:20","modified_gmt":"2025-04-23T14:48:20","slug":"board-inn-la-maison-dhotes","status":"publish","type":"page","link":"https:\/\/boardinn.de\/fr\/accueil\/board-inn-la-maison-dhotes\/","title":{"rendered":"Board Inn &#8211; La maison d&#8217;h\u00f4tes"},"content":{"rendered":"","protected":false},"excerpt":{"rendered":"<p>Le travail et les d\u00e9placements modernes n\u00e9cessitent des formes de logement adapt\u00e9es, flexibles et abordables.<br \/>\nUn boardinghouse est une solution appropri\u00e9e.<\/p>\n","protected":false},"author":1,"featured_media":13034,"parent":16194,"menu_order":0,"comment_status":"closed","ping_status":"closed","template":"","meta":{"inline_featured_image":false,"footnotes":""},"class_list":["post-15816","page","type-page","status-publish","has-post-thumbnail","hentry"],"aioseo_notices":[],"_links":{"self":[{"href":"https:\/\/boardinn.de\/fr\/wp-json\/wp\/v2\/pages\/15816","targetHints":{"allow":["GET"]}}],"collection":[{"href":"https:\/\/boardinn.de\/fr\/wp-json\/wp\/v2\/pages"}],"about":[{"href":"https:\/\/boardinn.de\/fr\/wp-json\/wp\/v2\/types\/page"}],"author":[{"embeddable":true,"href":"https:\/\/boardinn.de\/fr\/wp-json\/wp\/v2\/users\/1"}],"replies":[{"embeddable":true,"href":"https:\/\/boardinn.de\/fr\/wp-json\/wp\/v2\/comments?post=15816"}],"version-history":[{"count":1,"href":"https:\/\/boardinn.de\/fr\/wp-json\/wp\/v2\/pages\/15816\/revisions"}],"predecessor-version":[{"id":15818,"href":"https:\/\/boardinn.de\/fr\/wp-json\/wp\/v2\/pages\/15816\/revisions\/15818"}],"up":[{"embeddable":true,"href":"https:\/\/boardinn.de\/fr\/wp-json\/wp\/v2\/pages\/16194"}],"wp:featuredmedia":[{"embeddable":true,"href":"https:\/\/boardinn.de\/fr\/wp-json\/wp\/v2\/media\/13034"}],"wp:attachment":[{"href":"https:\/\/boardinn.de\/fr\/wp-json\/wp\/v2\/media?parent=15816"}],"curies":[{"name":"wp","href":"https:\/\/api.w.org\/{rel}","templated":true}]}}