{"id":15837,"date":"2020-11-04T08:57:43","date_gmt":"2020-11-04T07:57:43","guid":{"rendered":"https:\/\/boardinn.de\/equipement-board-inn\/"},"modified":"2025-04-23T16:30:00","modified_gmt":"2025-04-23T14:30:00","slug":"equipement-board-inn","status":"publish","type":"page","link":"https:\/\/boardinn.de\/fr\/equipement-board-inn\/","title":{"rendered":"\u00c9quipement Board Inn"},"content":{"rendered":"\t\t<div data-elementor-type=\"wp-page\" data-elementor-id=\"15837\" class=\"elementor elementor-15837 elementor-278\" data-elementor-post-type=\"page\">\n\t\t\t\t\t\t<section class=\"elementor-section elementor-top-section elementor-element elementor-element-d20e305 elementor-section-stretched elementor-section-boxed elementor-section-height-default elementor-section-height-default\" data-id=\"d20e305\" data-element_type=\"section\" data-settings=\"{&quot;stretch_section&quot;:&quot;section-stretched&quot;}\">\n\t\t\t\t\t\t<div class=\"elementor-container elementor-column-gap-default\">\n\t\t\t\t\t<div class=\"elementor-column elementor-col-33 elementor-top-column elementor-element elementor-element-5f9671d\" data-id=\"5f9671d\" data-element_type=\"column\">\n\t\t\t<div class=\"elementor-widget-wrap elementor-element-populated\">\n\t\t\t\t\t\t<div class=\"elementor-element elementor-element-ef8584c elementor-widget elementor-widget-stratum-flip-box\" data-id=\"ef8584c\" data-element_type=\"widget\" data-widget_type=\"stratum-flip-box.default\">\n\t\t\t\t<div class=\"elementor-widget-container\">\n\t\t\t\t\t<div class=\"stratum-flip-box flip-box-effect-flip flip-box-direction-right\">\n    <div class=\"stratum-flip-box__inner\">\n        <div class=\"stratum-flip-box__layer stratum-flip-box__front\">\n            <div class=\"stratum-flip-box__layer__overlay\">\n                <div class=\"stratum-flip-box__layer__inner\">\n\t\t\t\t\t<div class='stratum-flip-box__image'><img src='https:\/\/boardinn.de\/wp-content\/uploads\/2023\/10\/Icons_BoardInn_06.svg' class='stratum-flip-box__image wp-image-2149' srcset=''\/><\/div>                    <h3 class=\"stratum-flip-box__title\">WLAN &amp; 5G<\/h3>\n                    <div class=\"stratum-flip-box__description\">... gratuit pour tous.<\/div>\n                <\/div>\n            <\/div>\n        <\/div>\n\n        <div class=\"stratum-flip-box__layer stratum-flip-box__back\">\n            <div class=\"stratum-flip-box__layer__overlay\">\n                <div class=\"stratum-flip-box__layer__inner\">\n\t\t\t\t\t                    <h3 class=\"stratum-flip-box__title\">WLAN &amp; 5G<\/h3>\n                    <div class=\"stratum-flip-box__description\">Le Board Inn dispose d'une connexion Wi-Fi gratuite. Les environs sont en outre couverts par le r\u00e9seau 5G. <\/div>\n\t\t\t\t\t\t\t\t\t<\/div>\n            <\/div>\n        <\/div>\n    <\/div>\n<\/div>\n\t\t\t\t<\/div>\n\t\t\t\t<\/div>\n\t\t\t\t\t<\/div>\n\t\t<\/div>\n\t\t\t\t<div class=\"elementor-column elementor-col-33 elementor-top-column elementor-element elementor-element-81e4291\" data-id=\"81e4291\" data-element_type=\"column\">\n\t\t\t<div class=\"elementor-widget-wrap elementor-element-populated\">\n\t\t\t\t\t\t<div class=\"elementor-element elementor-element-1836fea elementor-widget elementor-widget-stratum-flip-box\" data-id=\"1836fea\" data-element_type=\"widget\" data-widget_type=\"stratum-flip-box.default\">\n\t\t\t\t<div class=\"elementor-widget-container\">\n\t\t\t\t\t<div class=\"stratum-flip-box flip-box-effect-flip flip-box-direction-right\">\n    <div class=\"stratum-flip-box__inner\">\n        <div class=\"stratum-flip-box__layer stratum-flip-box__front\">\n            <div class=\"stratum-flip-box__layer__overlay\">\n                <div class=\"stratum-flip-box__layer__inner\">\n\t\t\t\t\t<div class='stratum-flip-box__image'><img src='https:\/\/boardinn.de\/wp-content\/uploads\/2023\/10\/Icons_BoardInn_05.svg' class='stratum-flip-box__image wp-image-2148' srcset=''\/><\/div>                    <h3 class=\"stratum-flip-box__title\">Lave-linge &amp; s\u00e8che-linge<\/h3>\n                    <div class=\"stratum-flip-box__description\">... disponible pour tous - avec monnayeur.<\/div>\n                <\/div>\n            <\/div>\n        <\/div>\n\n        <div class=\"stratum-flip-box__layer stratum-flip-box__back\">\n            <div class=\"stratum-flip-box__layer__overlay\">\n                <div class=\"stratum-flip-box__layer__inner\">\n\t\t\t\t\t                    <h3 class=\"stratum-flip-box__title\">Buanderie au sous-sol<\/h3>\n                    <div class=\"stratum-flip-box__description\">La machine \u00e0 laver et le s\u00e8che-linge se trouvent au sous-sol de l'immeuble. Ils sont \u00e0 la disposition de tous les clients. <\/div>\n\t\t\t\t\t\t\t\t\t<\/div>\n            <\/div>\n        <\/div>\n    <\/div>\n<\/div>\n\t\t\t\t<\/div>\n\t\t\t\t<\/div>\n\t\t\t\t\t<\/div>\n\t\t<\/div>\n\t\t\t\t<div class=\"elementor-column elementor-col-33 elementor-top-column elementor-element elementor-element-40e87a5\" data-id=\"40e87a5\" data-element_type=\"column\">\n\t\t\t<div class=\"elementor-widget-wrap elementor-element-populated\">\n\t\t\t\t\t\t<div class=\"elementor-element elementor-element-60433d2 elementor-widget elementor-widget-stratum-flip-box\" data-id=\"60433d2\" data-element_type=\"widget\" data-widget_type=\"stratum-flip-box.default\">\n\t\t\t\t<div class=\"elementor-widget-container\">\n\t\t\t\t\t<div class=\"stratum-flip-box flip-box-effect-flip flip-box-direction-right\">\n    <div class=\"stratum-flip-box__inner\">\n        <div class=\"stratum-flip-box__layer stratum-flip-box__front\">\n            <div class=\"stratum-flip-box__layer__overlay\">\n                <div class=\"stratum-flip-box__layer__inner\">\n\t\t\t\t\t<div class='stratum-flip-box__image'><img src='https:\/\/boardinn.de\/wp-content\/uploads\/2023\/10\/Icons_BoardInn_04.svg' class='stratum-flip-box__image wp-image-2147' srcset=''\/><\/div>                    <h3 class=\"stratum-flip-box__title\">Logement &quot;pr\u00eat \u00e0 l&#039;emploi<\/h3>\n                    <div class=\"stratum-flip-box__description\">... s'applique \u00e0 tous les appartements.<\/div>\n                <\/div>\n            <\/div>\n        <\/div>\n\n        <div class=\"stratum-flip-box__layer stratum-flip-box__back\">\n            <div class=\"stratum-flip-box__layer__overlay\">\n                <div class=\"stratum-flip-box__layer__inner\">\n\t\t\t\t\t                    <h3 class=\"stratum-flip-box__title\">Logement &quot;pr\u00eat \u00e0 l&#039;emploi<\/h3>\n                    <div class=\"stratum-flip-box__description\">Les appartements sont enti\u00e8rement \u00e9quip\u00e9s. La salle de bain et la cuisine sont \u00e9quip\u00e9es de tous les ustensiles n\u00e9cessaires \u00e0 un bon s\u00e9jour. <\/div>\n\t\t\t\t\t\t\t\t\t<\/div>\n            <\/div>\n        <\/div>\n    <\/div>\n<\/div>\n\t\t\t\t<\/div>\n\t\t\t\t<\/div>\n\t\t\t\t\t<\/div>\n\t\t<\/div>\n\t\t\t\t\t<\/div>\n\t\t<\/section>\n\t\t\t\t<section class=\"elementor-section elementor-top-section elementor-element elementor-element-8c8ffcd elementor-section-stretched elementor-section-boxed elementor-section-height-default elementor-section-height-default\" data-id=\"8c8ffcd\" data-element_type=\"section\" data-settings=\"{&quot;stretch_section&quot;:&quot;section-stretched&quot;}\">\n\t\t\t\t\t\t<div class=\"elementor-container elementor-column-gap-default\">\n\t\t\t\t\t<div class=\"elementor-column elementor-col-33 elementor-top-column elementor-element elementor-element-c156879\" data-id=\"c156879\" data-element_type=\"column\">\n\t\t\t<div class=\"elementor-widget-wrap elementor-element-populated\">\n\t\t\t\t\t\t<div class=\"elementor-element elementor-element-c44e54b elementor-widget elementor-widget-stratum-flip-box\" data-id=\"c44e54b\" data-element_type=\"widget\" data-widget_type=\"stratum-flip-box.default\">\n\t\t\t\t<div class=\"elementor-widget-container\">\n\t\t\t\t\t<div class=\"stratum-flip-box flip-box-effect-flip flip-box-direction-right\">\n    <div class=\"stratum-flip-box__inner\">\n        <div class=\"stratum-flip-box__layer stratum-flip-box__front\">\n            <div class=\"stratum-flip-box__layer__overlay\">\n                <div class=\"stratum-flip-box__layer__inner\">\n\t\t\t\t\t<div class='stratum-flip-box__image'><img src='https:\/\/boardinn.de\/wp-content\/uploads\/2023\/10\/Icons_BoardInn_03.svg' class='stratum-flip-box__image wp-image-2146' srcset=''\/><\/div>                    <h3 class=\"stratum-flip-box__title\">Parking &amp; E-Tank*<\/h3>\n                    <div class=\"stratum-flip-box__description\">... le parking est gratuit.<\/div>\n                <\/div>\n            <\/div>\n        <\/div>\n\n        <div class=\"stratum-flip-box__layer stratum-flip-box__back\">\n            <div class=\"stratum-flip-box__layer__overlay\">\n                <div class=\"stratum-flip-box__layer__inner\">\n\t\t\t\t\t                    <h3 class=\"stratum-flip-box__title\">Parking &amp; E-Tank<\/h3>\n                    <div class=\"stratum-flip-box__description\">Un grand parking dans la cour int\u00e9rieure est \u00e0 la disposition de tous les clients - d\u00e9sormais \u00e9quip\u00e9 de deux bornes de recharge \u00e9lectrique.<\/div>\n\t\t\t\t\t\t\t\t\t<\/div>\n            <\/div>\n        <\/div>\n    <\/div>\n<\/div>\n\t\t\t\t<\/div>\n\t\t\t\t<\/div>\n\t\t\t\t\t<\/div>\n\t\t<\/div>\n\t\t\t\t<div class=\"elementor-column elementor-col-33 elementor-top-column elementor-element elementor-element-ce8398e\" data-id=\"ce8398e\" data-element_type=\"column\">\n\t\t\t<div class=\"elementor-widget-wrap elementor-element-populated\">\n\t\t\t\t\t\t<div class=\"elementor-element elementor-element-e84cc10 elementor-widget elementor-widget-stratum-flip-box\" data-id=\"e84cc10\" data-element_type=\"widget\" data-widget_type=\"stratum-flip-box.default\">\n\t\t\t\t<div class=\"elementor-widget-container\">\n\t\t\t\t\t<div class=\"stratum-flip-box flip-box-effect-flip flip-box-direction-right\">\n    <div class=\"stratum-flip-box__inner\">\n        <div class=\"stratum-flip-box__layer stratum-flip-box__front\">\n            <div class=\"stratum-flip-box__layer__overlay\">\n                <div class=\"stratum-flip-box__layer__inner\">\n\t\t\t\t\t<div class='stratum-flip-box__image'><img src='https:\/\/boardinn.de\/wp-content\/uploads\/2023\/10\/Icons_BoardInn_01.svg' class='stratum-flip-box__image wp-image-2144' srcset=''\/><\/div>                    <h3 class=\"stratum-flip-box__title\">Boissons et caf\u00e9<\/h3>\n                    <div class=\"stratum-flip-box__description\">... en cours de d\u00e9veloppement !<\/div>\n                <\/div>\n            <\/div>\n        <\/div>\n\n        <div class=\"stratum-flip-box__layer stratum-flip-box__back\">\n            <div class=\"stratum-flip-box__layer__overlay\">\n                <div class=\"stratum-flip-box__layer__inner\">\n\t\t\t\t\t                    <h3 class=\"stratum-flip-box__title\">Boissons et caf\u00e9<\/h3>\n                    <div class=\"stratum-flip-box__description\">Des distributeurs de boissons et de caf\u00e9 seront bient\u00f4t disponibles dans le salon et la salle de s\u00e9minaire.<\/div>\n\t\t\t\t\t\t\t\t\t<\/div>\n            <\/div>\n        <\/div>\n    <\/div>\n<\/div>\n\t\t\t\t<\/div>\n\t\t\t\t<\/div>\n\t\t\t\t\t<\/div>\n\t\t<\/div>\n\t\t\t\t<div class=\"elementor-column elementor-col-33 elementor-top-column elementor-element elementor-element-d6683a0\" data-id=\"d6683a0\" data-element_type=\"column\">\n\t\t\t<div class=\"elementor-widget-wrap elementor-element-populated\">\n\t\t\t\t\t\t<div class=\"elementor-element elementor-element-859f117 elementor-widget elementor-widget-stratum-flip-box\" data-id=\"859f117\" data-element_type=\"widget\" data-widget_type=\"stratum-flip-box.default\">\n\t\t\t\t<div class=\"elementor-widget-container\">\n\t\t\t\t\t<div class=\"stratum-flip-box flip-box-effect-flip flip-box-direction-right\">\n    <div class=\"stratum-flip-box__inner\">\n        <div class=\"stratum-flip-box__layer stratum-flip-box__front\">\n            <div class=\"stratum-flip-box__layer__overlay\">\n                <div class=\"stratum-flip-box__layer__inner\">\n\t\t\t\t\t<div class='stratum-flip-box__image'><img src='https:\/\/boardinn.de\/wp-content\/uploads\/2023\/10\/Icons_BoardInn_02.svg' class='stratum-flip-box__image wp-image-2145' srcset=''\/><\/div>                    <h3 class=\"stratum-flip-box__title\">S\u00e9jour &amp; s\u00e9minaire<\/h3>\n                    <div class=\"stratum-flip-box__description\">... en cours de d\u00e9veloppement !<\/div>\n                <\/div>\n            <\/div>\n        <\/div>\n\n        <div class=\"stratum-flip-box__layer stratum-flip-box__back\">\n            <div class=\"stratum-flip-box__layer__overlay\">\n                <div class=\"stratum-flip-box__layer__inner\">\n\t\t\t\t\t                    <h3 class=\"stratum-flip-box__title\">S\u00e9jour &amp; S\u00e9minaires<\/h3>\n                    <div class=\"stratum-flip-box__description\">Une salle de s\u00e9jour avec une kitchenette et un espace ext\u00e9rieur seront bient\u00f4t mis \u00e0 la disposition de tous les clients dans la cour int\u00e9rieure.<\/div>\n\t\t\t\t\t\t\t\t\t<\/div>\n            <\/div>\n        <\/div>\n    <\/div>\n<\/div>\n\t\t\t\t<\/div>\n\t\t\t\t<\/div>\n\t\t\t\t\t<\/div>\n\t\t<\/div>\n\t\t\t\t\t<\/div>\n\t\t<\/section>\n\t\t<div class=\"elementor-element elementor-element-25ec095 e-flex e-con-boxed e-con e-parent\" data-id=\"25ec095\" data-element_type=\"container\">\n\t\t\t\t\t<div class=\"e-con-inner\">\n\t\t\t\t<div class=\"elementor-element elementor-element-a6f6c52 outlined elementor-widget elementor-widget-heading\" data-id=\"a6f6c52\" data-element_type=\"widget\" data-widget_type=\"heading.default\">\n\t\t\t\t<div class=\"elementor-widget-container\">\n\t\t\t\t\t<h1 class=\"elementor-heading-title elementor-size-default\">\u00e9quipement<\/h1>\t\t\t\t<\/div>\n\t\t\t\t<\/div>\n\t\t\t\t\t<\/div>\n\t\t\t\t<\/div>\n\t\t\t\t<section class=\"elementor-section elementor-top-section elementor-element elementor-element-7b9a4787 elementor-section-stretched elementor-section-boxed elementor-section-height-default elementor-section-height-default\" data-id=\"7b9a4787\" data-element_type=\"section\" data-settings=\"{&quot;background_background&quot;:&quot;classic&quot;,&quot;stretch_section&quot;:&quot;section-stretched&quot;}\">\n\t\t\t\t\t\t<div class=\"elementor-container elementor-column-gap-default\">\n\t\t\t\t\t<div class=\"elementor-column elementor-col-100 elementor-top-column elementor-element elementor-element-212dc05d\" data-id=\"212dc05d\" data-element_type=\"column\" data-settings=\"{&quot;background_background&quot;:&quot;classic&quot;}\">\n\t\t\t<div class=\"elementor-widget-wrap elementor-element-populated\">\n\t\t\t\t\t\t<div class=\"elementor-element elementor-element-effc933 elementor-widget elementor-widget-video\" data-id=\"effc933\" data-element_type=\"widget\" data-settings=\"{&quot;video_type&quot;:&quot;hosted&quot;,&quot;autoplay&quot;:&quot;yes&quot;,&quot;play_on_mobile&quot;:&quot;yes&quot;,&quot;mute&quot;:&quot;yes&quot;,&quot;loop&quot;:&quot;yes&quot;}\" data-widget_type=\"video.default\">\n\t\t\t\t<div class=\"elementor-widget-container\">\n\t\t\t\t\t\t\t<div class=\"e-hosted-video elementor-wrapper elementor-open-inline\">\n\t\t\t\t\t<video class=\"elementor-video\" src=\"https:\/\/boardinn.de\/wp-content\/uploads\/2024\/04\/V4-Line_720-1.mp4\" autoplay=\"\" loop=\"\" muted=\"muted\" playsinline=\"\" controlsList=\"nodownload\" poster=\"https:\/\/boardinn.de\/wp-content\/uploads\/2024\/01\/Board-Inn_HG02.jpg\"><\/video>\n\t\t\t\t<\/div>\n\t\t\t\t\t\t<\/div>\n\t\t\t\t<\/div>\n\t\t\t\t\t<\/div>\n\t\t<\/div>\n\t\t\t\t\t<\/div>\n\t\t<\/section>\n\t\t<div class=\"elementor-element elementor-element-22c1730 e-con-full e-flex e-con e-parent\" data-id=\"22c1730\" data-element_type=\"container\">\n\t\t\t\t<div class=\"elementor-element elementor-element-eee1d3d outlined elementor-widget elementor-widget-heading\" data-id=\"eee1d3d\" data-element_type=\"widget\" data-widget_type=\"heading.default\">\n\t\t\t\t<div class=\"elementor-widget-container\">\n\t\t\t\t\t<h1 class=\"elementor-heading-title elementor-size-default\">boardinghouse regensburg<\/h1>\t\t\t\t<\/div>\n\t\t\t\t<\/div>\n\t\t\t\t<\/div>\n\t\t\t\t<\/div>\n\t\t","protected":false},"excerpt":{"rendered":"<p>Les appartements de BOARD INN \u00e0 Ratisbonne sont &#8220;pr\u00eats \u00e0 l&#8217;emploi&#8221;.<\/p>\n","protected":false},"author":1,"featured_media":13489,"parent":0,"menu_order":0,"comment_status":"closed","ping_status":"closed","template":"","meta":{"inline_featured_image":false,"footnotes":""},"class_list":["post-15837","page","type-page","status-publish","has-post-thumbnail","hentry"],"aioseo_notices":[],"_links":{"self":[{"href":"https:\/\/boardinn.de\/fr\/wp-json\/wp\/v2\/pages\/15837","targetHints":{"allow":["GET"]}}],"collection":[{"href":"https:\/\/boardinn.de\/fr\/wp-json\/wp\/v2\/pages"}],"about":[{"href":"https:\/\/boardinn.de\/fr\/wp-json\/wp\/v2\/types\/page"}],"author":[{"embeddable":true,"href":"https:\/\/boardinn.de\/fr\/wp-json\/wp\/v2\/users\/1"}],"replies":[{"embeddable":true,"href":"https:\/\/boardinn.de\/fr\/wp-json\/wp\/v2\/comments?post=15837"}],"version-history":[{"count":1,"href":"https:\/\/boardinn.de\/fr\/wp-json\/wp\/v2\/pages\/15837\/revisions"}],"predecessor-version":[{"id":15839,"href":"https:\/\/boardinn.de\/fr\/wp-json\/wp\/v2\/pages\/15837\/revisions\/15839"}],"wp:featuredmedia":[{"embeddable":true,"href":"https:\/\/boardinn.de\/fr\/wp-json\/wp\/v2\/media\/13489"}],"wp:attachment":[{"href":"https:\/\/boardinn.de\/fr\/wp-json\/wp\/v2\/media?parent=15837"}],"curies":[{"name":"wp","href":"https:\/\/api.w.org\/{rel}","templated":true}]}}