{"id":15848,"date":"2020-11-04T09:28:14","date_gmt":"2020-11-04T08:28:14","guid":{"rendered":"https:\/\/boardinn.de\/sejour-seminaires\/"},"modified":"2025-04-23T16:30:14","modified_gmt":"2025-04-23T14:30:14","slug":"sejour-seminaires","status":"publish","type":"page","link":"https:\/\/boardinn.de\/fr\/sejour-seminaires\/","title":{"rendered":"S\u00e9jour &amp; S\u00e9minaires"},"content":{"rendered":"\t\t<div data-elementor-type=\"wp-page\" data-elementor-id=\"15848\" class=\"elementor elementor-15848 elementor-306\" data-elementor-post-type=\"page\">\n\t\t\t\t\t\t<section class=\"elementor-section elementor-top-section elementor-element elementor-element-cb26f36 elementor-section-stretched elementor-section-boxed elementor-section-height-default elementor-section-height-default\" data-id=\"cb26f36\" data-element_type=\"section\" data-settings=\"{&quot;stretch_section&quot;:&quot;section-stretched&quot;}\">\n\t\t\t\t\t\t<div class=\"elementor-container elementor-column-gap-default\">\n\t\t\t\t\t<div class=\"elementor-column elementor-col-50 elementor-top-column elementor-element elementor-element-89dc140\" data-id=\"89dc140\" data-element_type=\"column\" data-settings=\"{&quot;background_background&quot;:&quot;classic&quot;}\">\n\t\t\t<div class=\"elementor-widget-wrap elementor-element-populated\">\n\t\t\t\t\t\t<div class=\"elementor-element elementor-element-75ad839 elementor-widget elementor-widget-image\" data-id=\"75ad839\" data-element_type=\"widget\" data-widget_type=\"image.default\">\n\t\t\t\t<div class=\"elementor-widget-container\">\n\t\t\t\t\t\t\t\t\t\t\t\t\t\t\t<img fetchpriority=\"high\" decoding=\"async\" width=\"536\" height=\"472\" src=\"https:\/\/boardinn.de\/wp-content\/uploads\/2024\/04\/Lounge_Treffpunkt-2.png\" class=\"attachment-albatross-large size-albatross-large wp-image-13333\" alt=\"\" srcset=\"https:\/\/boardinn.de\/wp-content\/uploads\/2024\/04\/Lounge_Treffpunkt-2.png 536w, https:\/\/boardinn.de\/wp-content\/uploads\/2024\/04\/Lounge_Treffpunkt-2-300x264.png 300w, https:\/\/boardinn.de\/wp-content\/uploads\/2024\/04\/Lounge_Treffpunkt-2-341x300.png 341w\" sizes=\"(max-width: 536px) 100vw, 536px\" \/>\t\t\t\t\t\t\t\t\t\t\t\t\t\t\t<\/div>\n\t\t\t\t<\/div>\n\t\t\t\t\t<\/div>\n\t\t<\/div>\n\t\t\t\t<div class=\"elementor-column elementor-col-50 elementor-top-column elementor-element elementor-element-1c5e3e8\" data-id=\"1c5e3e8\" data-element_type=\"column\" data-settings=\"{&quot;background_background&quot;:&quot;classic&quot;}\">\n\t\t\t<div class=\"elementor-widget-wrap elementor-element-populated\">\n\t\t\t\t\t\t<div class=\"elementor-element elementor-element-d2dd28f elementor-widget elementor-widget-heading\" data-id=\"d2dd28f\" data-element_type=\"widget\" data-widget_type=\"heading.default\">\n\t\t\t\t<div class=\"elementor-widget-container\">\n\t\t\t\t\t<h2 class=\"elementor-heading-title elementor-size-default\">&amp; Point de rencontre  <\/h2>\t\t\t\t<\/div>\n\t\t\t\t<\/div>\n\t\t\t\t<div class=\"elementor-element elementor-element-a6b8f8d elementor-widget elementor-widget-text-editor\" data-id=\"a6b8f8d\" data-element_type=\"widget\" data-widget_type=\"text-editor.default\">\n\t\t\t\t<div class=\"elementor-widget-container\">\n\t\t\t\t\t\t\t\t\t<p>Dans quelques mois, une salle de groupe ou de s\u00e9minaire pouvant \u00eatre r\u00e9serv\u00e9e et utilis\u00e9e de mani\u00e8re flexible sera construite \u00e0 l&#8217;arri\u00e8re du b\u00e2timent principal, avec une cuisine, une terrasse couverte et un acc\u00e8s s\u00e9par\u00e9. Les visiteurs disposeront de distributeurs de boissons et de caf\u00e9, d&#8217;une t\u00e9l\u00e9vision et d&#8217;une connexion WLAN, de jeux, de tables et de meubles de salon.    <br>L&#8217;utilisation est bas\u00e9e sur les besoins et peut \u00eatre r\u00e9serv\u00e9e aussi bien en interne qu&#8217;en externe pour des visiteurs ou des groupes.  <br>L&#8217;espace de d\u00e9tente est accessible aussi bien de l&#8217;int\u00e9rieur que de l&#8217;ext\u00e9rieur. \u00c0 l&#8217;int\u00e9rieur du b\u00e2timent, l&#8217;acc\u00e8s reste ouvert 24 heures sur 24. <br><br><\/p>\t\t\t\t\t\t\t\t<\/div>\n\t\t\t\t<\/div>\n\t\t\t\t\t<\/div>\n\t\t<\/div>\n\t\t\t\t\t<\/div>\n\t\t<\/section>\n\t\t\t\t<section class=\"elementor-section elementor-top-section elementor-element elementor-element-6608383 elementor-section-stretched elementor-section-boxed elementor-section-height-default elementor-section-height-default\" data-id=\"6608383\" data-element_type=\"section\" data-settings=\"{&quot;stretch_section&quot;:&quot;section-stretched&quot;}\">\n\t\t\t\t\t\t<div class=\"elementor-container elementor-column-gap-default\">\n\t\t\t\t\t<div class=\"elementor-column elementor-col-100 elementor-top-column elementor-element elementor-element-832649d\" data-id=\"832649d\" data-element_type=\"column\">\n\t\t\t<div class=\"elementor-widget-wrap elementor-element-populated\">\n\t\t\t\t\t\t<div class=\"elementor-element elementor-element-848fa5e outlined elementor-widget elementor-widget-heading\" data-id=\"848fa5e\" data-element_type=\"widget\" data-widget_type=\"heading.default\">\n\t\t\t\t<div class=\"elementor-widget-container\">\n\t\t\t\t\t<h1 class=\"elementor-heading-title elementor-size-default\">s\u00e9jour &amp; s\u00e9minaires<\/h1>\t\t\t\t<\/div>\n\t\t\t\t<\/div>\n\t\t\t\t\t<\/div>\n\t\t<\/div>\n\t\t\t\t\t<\/div>\n\t\t<\/section>\n\t\t\t\t<section class=\"elementor-section elementor-top-section elementor-element elementor-element-5d7f2994 elementor-section-stretched elementor-section-boxed elementor-section-height-default elementor-section-height-default\" data-id=\"5d7f2994\" data-element_type=\"section\" data-settings=\"{&quot;background_background&quot;:&quot;classic&quot;,&quot;stretch_section&quot;:&quot;section-stretched&quot;}\">\n\t\t\t\t\t\t<div class=\"elementor-container elementor-column-gap-default\">\n\t\t\t\t\t<div class=\"elementor-column elementor-col-100 elementor-top-column elementor-element elementor-element-b1c75b\" data-id=\"b1c75b\" data-element_type=\"column\" data-settings=\"{&quot;background_background&quot;:&quot;classic&quot;}\">\n\t\t\t<div class=\"elementor-widget-wrap elementor-element-populated\">\n\t\t\t\t\t\t<div class=\"elementor-element elementor-element-12082185 elementor-widget elementor-widget-video\" data-id=\"12082185\" data-element_type=\"widget\" data-settings=\"{&quot;video_type&quot;:&quot;hosted&quot;,&quot;autoplay&quot;:&quot;yes&quot;,&quot;play_on_mobile&quot;:&quot;yes&quot;,&quot;mute&quot;:&quot;yes&quot;,&quot;loop&quot;:&quot;yes&quot;}\" data-widget_type=\"video.default\">\n\t\t\t\t<div class=\"elementor-widget-container\">\n\t\t\t\t\t\t\t<div class=\"e-hosted-video elementor-wrapper elementor-open-inline\">\n\t\t\t\t\t<video class=\"elementor-video\" src=\"https:\/\/boardinn.de\/wp-content\/uploads\/2024\/04\/V7-Line_480.mp4\" autoplay=\"\" loop=\"\" muted=\"muted\" playsinline=\"\" controlsList=\"nodownload\" poster=\"https:\/\/boardinn.de\/wp-content\/uploads\/2024\/01\/Board-Inn_HG02.jpg\"><\/video>\n\t\t\t\t<\/div>\n\t\t\t\t\t\t<\/div>\n\t\t\t\t<\/div>\n\t\t\t\t\t<\/div>\n\t\t<\/div>\n\t\t\t\t\t<\/div>\n\t\t<\/section>\n\t\t\t\t<\/div>\n\t\t","protected":false},"excerpt":{"rendered":"<p>Ce n&#8217;est pas parce qu&#8217;il y a du froid parmi les gens que nous n&#8217;osons pas les rencontrer. C&#8217;est parce que nous n&#8217;osons pas la rencontre que le froid r\u00e8gne parmi les hommes.<br \/>\nKurt Haberstich (*1948), auteur de livres et aphoriste suisse<\/p>\n","protected":false},"author":1,"featured_media":13268,"parent":0,"menu_order":0,"comment_status":"closed","ping_status":"closed","template":"","meta":{"inline_featured_image":false,"footnotes":""},"class_list":["post-15848","page","type-page","status-publish","has-post-thumbnail","hentry"],"aioseo_notices":[],"_links":{"self":[{"href":"https:\/\/boardinn.de\/fr\/wp-json\/wp\/v2\/pages\/15848","targetHints":{"allow":["GET"]}}],"collection":[{"href":"https:\/\/boardinn.de\/fr\/wp-json\/wp\/v2\/pages"}],"about":[{"href":"https:\/\/boardinn.de\/fr\/wp-json\/wp\/v2\/types\/page"}],"author":[{"embeddable":true,"href":"https:\/\/boardinn.de\/fr\/wp-json\/wp\/v2\/users\/1"}],"replies":[{"embeddable":true,"href":"https:\/\/boardinn.de\/fr\/wp-json\/wp\/v2\/comments?post=15848"}],"version-history":[{"count":1,"href":"https:\/\/boardinn.de\/fr\/wp-json\/wp\/v2\/pages\/15848\/revisions"}],"predecessor-version":[{"id":15850,"href":"https:\/\/boardinn.de\/fr\/wp-json\/wp\/v2\/pages\/15848\/revisions\/15850"}],"wp:featuredmedia":[{"embeddable":true,"href":"https:\/\/boardinn.de\/fr\/wp-json\/wp\/v2\/media\/13268"}],"wp:attachment":[{"href":"https:\/\/boardinn.de\/fr\/wp-json\/wp\/v2\/media?parent=15848"}],"curies":[{"name":"wp","href":"https:\/\/api.w.org\/{rel}","templated":true}]}}