{"id":16093,"date":"2020-11-03T19:56:32","date_gmt":"2020-11-03T18:56:32","guid":{"rendered":"https:\/\/boardinn.de\/boutique\/echec-de-la-transaction\/"},"modified":"2020-11-03T19:56:32","modified_gmt":"2020-11-03T18:56:32","slug":"echec-de-la-transaction","status":"publish","type":"page","link":"https:\/\/boardinn.de\/fr\/boutique\/echec-de-la-transaction\/","title":{"rendered":"\u00c9chec de la transaction"},"content":{"rendered":"<p>D\u00e9sol\u00e9, votre transaction ne peut pas \u00eatre finalis\u00e9e pour le moment. Veuillez r\u00e9essayer ou nous contacter. <\/p>\n","protected":false},"excerpt":{"rendered":"<p>D\u00e9sol\u00e9, votre transaction ne peut pas \u00eatre finalis\u00e9e pour le moment. Veuillez r\u00e9essayer ou nous contacter.<\/p>\n","protected":false},"author":1,"featured_media":0,"parent":9946,"menu_order":0,"comment_status":"closed","ping_status":"closed","template":"","meta":{"inline_featured_image":false,"footnotes":""},"class_list":["post-16093","page","type-page","status-publish","hentry"],"aioseo_notices":[],"_links":{"self":[{"href":"https:\/\/boardinn.de\/fr\/wp-json\/wp\/v2\/pages\/16093","targetHints":{"allow":["GET"]}}],"collection":[{"href":"https:\/\/boardinn.de\/fr\/wp-json\/wp\/v2\/pages"}],"about":[{"href":"https:\/\/boardinn.de\/fr\/wp-json\/wp\/v2\/types\/page"}],"author":[{"embeddable":true,"href":"https:\/\/boardinn.de\/fr\/wp-json\/wp\/v2\/users\/1"}],"replies":[{"embeddable":true,"href":"https:\/\/boardinn.de\/fr\/wp-json\/wp\/v2\/comments?post=16093"}],"version-history":[{"count":0,"href":"https:\/\/boardinn.de\/fr\/wp-json\/wp\/v2\/pages\/16093\/revisions"}],"up":[{"embeddable":true,"href":"https:\/\/boardinn.de\/fr\/wp-json\/wp\/v2\/pages\/9946"}],"wp:attachment":[{"href":"https:\/\/boardinn.de\/fr\/wp-json\/wp\/v2\/media?parent=16093"}],"curies":[{"name":"wp","href":"https:\/\/api.w.org\/{rel}","templated":true}]}}