{"id":16141,"date":"2020-11-03T19:56:32","date_gmt":"2020-11-03T18:56:32","guid":{"rendered":"https:\/\/boardinn.de\/boutique\/reservation-annulee\/"},"modified":"2020-11-03T19:56:32","modified_gmt":"2020-11-03T18:56:32","slug":"reservation-annulee","status":"publish","type":"page","link":"https:\/\/boardinn.de\/fr\/boutique\/reservation-annulee\/","title":{"rendered":"R\u00e9servation annul\u00e9e"},"content":{"rendered":"<div id=\"SL_BBL_VOICE\" class=\"PPB_v1\" lang=\"de\" title=\"\u00c9couter\"><\/div>\n<div class=\"bbl_l_text\">Votre r\u00e9servation a \u00e9t\u00e9 annul\u00e9e.<\/div>\n","protected":false},"excerpt":{"rendered":"<p>Votre r\u00e9servation a \u00e9t\u00e9 annul\u00e9e.<\/p>\n","protected":false},"author":1,"featured_media":0,"parent":9946,"menu_order":0,"comment_status":"closed","ping_status":"closed","template":"","meta":{"inline_featured_image":false,"footnotes":""},"class_list":["post-16141","page","type-page","status-publish","hentry"],"aioseo_notices":[],"_links":{"self":[{"href":"https:\/\/boardinn.de\/fr\/wp-json\/wp\/v2\/pages\/16141","targetHints":{"allow":["GET"]}}],"collection":[{"href":"https:\/\/boardinn.de\/fr\/wp-json\/wp\/v2\/pages"}],"about":[{"href":"https:\/\/boardinn.de\/fr\/wp-json\/wp\/v2\/types\/page"}],"author":[{"embeddable":true,"href":"https:\/\/boardinn.de\/fr\/wp-json\/wp\/v2\/users\/1"}],"replies":[{"embeddable":true,"href":"https:\/\/boardinn.de\/fr\/wp-json\/wp\/v2\/comments?post=16141"}],"version-history":[{"count":0,"href":"https:\/\/boardinn.de\/fr\/wp-json\/wp\/v2\/pages\/16141\/revisions"}],"up":[{"embeddable":true,"href":"https:\/\/boardinn.de\/fr\/wp-json\/wp\/v2\/pages\/9946"}],"wp:attachment":[{"href":"https:\/\/boardinn.de\/fr\/wp-json\/wp\/v2\/media?parent=16141"}],"curies":[{"name":"wp","href":"https:\/\/api.w.org\/{rel}","templated":true}]}}