{"id":16203,"date":"2020-11-03T20:11:47","date_gmt":"2020-11-03T19:11:47","guid":{"rendered":"https:\/\/boardinn.de\/accueil\/logement-temporaire\/"},"modified":"2025-04-23T16:48:31","modified_gmt":"2025-04-23T14:48:31","slug":"logement-temporaire","status":"publish","type":"page","link":"https:\/\/boardinn.de\/fr\/accueil\/logement-temporaire\/","title":{"rendered":"Logement temporaire"},"content":{"rendered":"","protected":false},"excerpt":{"rendered":"<p>La solution interm\u00e9diaire dans l&#8217;intervalle.<br \/>\nNous proposons une solution qui fait le lien entre l&#8217;h\u00f4tellerie et le logement priv\u00e9. \u00c0 la recherche d&#8217;un h\u00e9bergement \u00e9conomique ? Serviced Apartment, Boardinghouse, Aparthotel : ici, la r\u00e9servation \u00e0 long terme rencontre la location \u00e0 court terme.  <\/p>\n","protected":false},"author":1,"featured_media":15555,"parent":16194,"menu_order":0,"comment_status":"closed","ping_status":"closed","template":"","meta":{"inline_featured_image":false,"footnotes":""},"class_list":["post-16203","page","type-page","status-publish","has-post-thumbnail","hentry"],"aioseo_notices":[],"_links":{"self":[{"href":"https:\/\/boardinn.de\/fr\/wp-json\/wp\/v2\/pages\/16203","targetHints":{"allow":["GET"]}}],"collection":[{"href":"https:\/\/boardinn.de\/fr\/wp-json\/wp\/v2\/pages"}],"about":[{"href":"https:\/\/boardinn.de\/fr\/wp-json\/wp\/v2\/types\/page"}],"author":[{"embeddable":true,"href":"https:\/\/boardinn.de\/fr\/wp-json\/wp\/v2\/users\/1"}],"replies":[{"embeddable":true,"href":"https:\/\/boardinn.de\/fr\/wp-json\/wp\/v2\/comments?post=16203"}],"version-history":[{"count":1,"href":"https:\/\/boardinn.de\/fr\/wp-json\/wp\/v2\/pages\/16203\/revisions"}],"predecessor-version":[{"id":16204,"href":"https:\/\/boardinn.de\/fr\/wp-json\/wp\/v2\/pages\/16203\/revisions\/16204"}],"up":[{"embeddable":true,"href":"https:\/\/boardinn.de\/fr\/wp-json\/wp\/v2\/pages\/16194"}],"wp:featuredmedia":[{"embeddable":true,"href":"https:\/\/boardinn.de\/fr\/wp-json\/wp\/v2\/media\/15555"}],"wp:attachment":[{"href":"https:\/\/boardinn.de\/fr\/wp-json\/wp\/v2\/media?parent=16203"}],"curies":[{"name":"wp","href":"https:\/\/api.w.org\/{rel}","templated":true}]}}