{"id":16824,"date":"2025-05-22T16:15:48","date_gmt":"2025-05-22T14:15:48","guid":{"rendered":"https:\/\/boardinn.de\/confirmation-dauto-enregistrement\/"},"modified":"2025-10-25T00:07:27","modified_gmt":"2025-10-24T22:07:27","slug":"confirmation-dauto-enregistrement","status":"publish","type":"page","link":"https:\/\/boardinn.de\/fr\/confirmation-dauto-enregistrement\/","title":{"rendered":"Confirmation d&#8217;auto-enregistrement"},"content":{"rendered":"\t\t<div data-elementor-type=\"wp-page\" data-elementor-id=\"16824\" class=\"elementor elementor-16824 elementor-16749\" data-elementor-post-type=\"page\">\n\t\t\t\t<div class=\"elementor-element elementor-element-c3c6c52 e-flex e-con-boxed e-con e-parent\" data-id=\"c3c6c52\" data-element_type=\"container\">\n\t\t\t\t\t<div class=\"e-con-inner\">\n\t\t\t\t<div class=\"elementor-element elementor-element-3225dd8 elementor-widget elementor-widget-heading\" data-id=\"3225dd8\" data-element_type=\"widget\" data-widget_type=\"heading.default\">\n\t\t\t\t<div class=\"elementor-widget-container\">\n\t\t\t\t\t<h2 class=\"elementor-heading-title elementor-size-default\">Remarques importantes sur l'inscription<\/h2>\t\t\t\t<\/div>\n\t\t\t\t<\/div>\n\t\t\t\t\t<\/div>\n\t\t\t\t<\/div>\n\t\t<div class=\"elementor-element elementor-element-4e89d673 e-flex e-con-boxed e-con e-parent\" data-id=\"4e89d673\" data-element_type=\"container\">\n\t\t\t\t\t<div class=\"e-con-inner\">\n\t\t\t\t<div class=\"elementor-element elementor-element-4a0edf88 elementor-widget elementor-widget-image\" data-id=\"4a0edf88\" data-element_type=\"widget\" data-widget_type=\"image.default\">\n\t\t\t\t<div class=\"elementor-widget-container\">\n\t\t\t\t\t\t\t\t\t\t\t\t\t\t\t<img decoding=\"async\" src=\"https:\/\/boardinn.de\/wp-content\/uploads\/2025\/05\/KeyCheckIn-Hand2-Best-cam2-600x459.png\" title=\"KeyCheckIn-Hand2-Best-cam2\" alt=\"KeyCheckIn-Hand2-Best-cam2\" loading=\"lazy\" \/>\t\t\t\t\t\t\t\t\t\t\t\t\t\t\t<\/div>\n\t\t\t\t<\/div>\n\t\t\t\t\t<\/div>\n\t\t\t\t<\/div>\n\t\t<div class=\"elementor-element elementor-element-2be5d69 e-flex e-con-boxed e-con e-parent\" data-id=\"2be5d69\" data-element_type=\"container\">\n\t\t\t\t\t<div class=\"e-con-inner\">\n\t\t\t\t<div class=\"elementor-element elementor-element-539049d elementor-widget elementor-widget-text-editor\" data-id=\"539049d\" data-element_type=\"widget\" data-widget_type=\"text-editor.default\">\n\t\t\t\t<div class=\"elementor-widget-container\">\n\t\t\t\t\t\t\t\t\t<h3 class=\"p1\"><span class=\"s1\">Veuillez noter<\/span><\/h3><p class=\"p1\"><span class=\"s2\">Vous avez effectu\u00e9 une r\u00e9servation pour un nombre d\u00e9termin\u00e9 de personnes. Les nuit\u00e9es spontan\u00e9es accidentelles ou n\u00e9cessaires d&#8217;autres personnes doivent \u00eatre <span style=\"text-decoration: underline;\">signal\u00e9es imm\u00e9diatement<\/span>. <\/span><\/p><ul class=\"ul1\"><li class=\"li1\"><span class=\"s2\">L&#8217;<strong>h\u00e9bergement<\/strong> de personnes suppl\u00e9mentaires, m\u00eame ult\u00e9rieurement &#8230;<\/span><\/li><li class=\"li1\"><span class=\"s2\">La <strong>mise \u00e0 disposition<\/strong> des appartements \u00e0 d&#8217;autres personnes &#8230;<\/span><\/li><li class=\"li1\"><span class=\"s2\">La <strong>transmission<\/strong> de la cl\u00e9 \u00e0 d&#8217;autres personnes ou \u00e0 d&#8217;autres &#8230;<\/span><\/li><\/ul><p class=\"p1\"><span class=\"s2\">est interdite sans notre connaissance ou notre accord, elle entra\u00eene une rupture de contrat sans pr\u00e9avis et <strong>un check-out imm\u00e9diat<\/strong>, sans droit au remboursement du temps de r\u00e9servation restant, comparable et correspondant \u00e0 l&#8217;annulation en cas de non-pr\u00e9sentation (conform\u00e9ment aux conditions g\u00e9n\u00e9rales).<\/span><\/p><p class=\"p1\"><span class=\"s2\">Au lieu de proc\u00e9der \u00e0 un check-out imm\u00e9diat, nous nous r\u00e9servons le droit, dans certains cas, de facturer imm\u00e9diatement la p\u00e9riode de r\u00e9servation compl\u00e8te pour le nombre de personnes correspondant \u00e0 nos tarifs. Cela s&#8217;applique d\u00e9j\u00e0 <span style=\"text-decoration: underline;\">\u00e0 partir d&#8217;une seule nuit\u00e9e non annonc\u00e9e<\/span>. <\/span><\/p><p class=\"p1\"><span class=\"s2\">Ce n&#8217;est que dans un tel cas de facturation &#8211; ult\u00e9rieure et accept\u00e9e par nous &#8211; que la relation contractuelle est consid\u00e9r\u00e9e comme gu\u00e9rie et que l&#8217;h\u00e9bergement r\u00e9serv\u00e9 peut \u00eatre poursuivi &#8211; avec ou sans h\u00f4tes suppl\u00e9mentaires.  <\/span><\/p><p class=\"p1\"><span class=\"s2\">Pour le reste, les <a title=\"Conditions g\u00e9n\u00e9rales de vente\" href=\"https:\/\/boardinn.de\/fr\/conditions-generales-de-vente\/\">conditions g\u00e9n\u00e9rales<\/a> s&#8217;appliquent<\/span><\/p>\t\t\t\t\t\t\t\t<\/div>\n\t\t\t\t<\/div>\n\t\t\t\t\t<\/div>\n\t\t\t\t<\/div>\n\t\t\t\t<\/div>\n\t\t","protected":false},"excerpt":{"rendered":"<p>Remarques importantes sur l&#8217;inscription Veuillez noter Vous avez effectu\u00e9 une r\u00e9servation pour un nombre d\u00e9termin\u00e9 de personnes. Les nuit\u00e9es spontan\u00e9es accidentelles ou n\u00e9cessaires d&#8217;autres personnes doivent \u00eatre signal\u00e9es imm\u00e9diatement. L&#8217;h\u00e9bergement de personnes suppl\u00e9mentaires, m\u00eame ult\u00e9rieurement &#8230; La mise \u00e0 disposition des appartements \u00e0 d&#8217;autres personnes &#8230; La transmission de la cl\u00e9 \u00e0 d&#8217;autres personnes ou [&hellip;]<\/p>\n","protected":false},"author":1,"featured_media":0,"parent":0,"menu_order":0,"comment_status":"closed","ping_status":"closed","template":"","meta":{"inline_featured_image":false,"footnotes":""},"class_list":["post-16824","page","type-page","status-publish","hentry"],"aioseo_notices":[],"_links":{"self":[{"href":"https:\/\/boardinn.de\/fr\/wp-json\/wp\/v2\/pages\/16824","targetHints":{"allow":["GET"]}}],"collection":[{"href":"https:\/\/boardinn.de\/fr\/wp-json\/wp\/v2\/pages"}],"about":[{"href":"https:\/\/boardinn.de\/fr\/wp-json\/wp\/v2\/types\/page"}],"author":[{"embeddable":true,"href":"https:\/\/boardinn.de\/fr\/wp-json\/wp\/v2\/users\/1"}],"replies":[{"embeddable":true,"href":"https:\/\/boardinn.de\/fr\/wp-json\/wp\/v2\/comments?post=16824"}],"version-history":[{"count":3,"href":"https:\/\/boardinn.de\/fr\/wp-json\/wp\/v2\/pages\/16824\/revisions"}],"predecessor-version":[{"id":18244,"href":"https:\/\/boardinn.de\/fr\/wp-json\/wp\/v2\/pages\/16824\/revisions\/18244"}],"wp:attachment":[{"href":"https:\/\/boardinn.de\/fr\/wp-json\/wp\/v2\/media?parent=16824"}],"curies":[{"name":"wp","href":"https:\/\/api.w.org\/{rel}","templated":true}]}}