{"id":15859,"date":"2020-11-04T09:28:14","date_gmt":"2020-11-04T08:28:14","guid":{"rendered":"https:\/\/boardinn.de\/soggiorno-e-seminari\/"},"modified":"2025-04-23T16:30:14","modified_gmt":"2025-04-23T14:30:14","slug":"soggiorno-e-seminari","status":"publish","type":"page","link":"https:\/\/boardinn.de\/it\/soggiorno-e-seminari\/","title":{"rendered":"Soggiorno e seminari"},"content":{"rendered":"\t\t<div data-elementor-type=\"wp-page\" data-elementor-id=\"15859\" class=\"elementor elementor-15859 elementor-306\" data-elementor-post-type=\"page\">\n\t\t\t\t\t\t<section class=\"elementor-section elementor-top-section elementor-element elementor-element-cb26f36 elementor-section-stretched elementor-section-boxed elementor-section-height-default elementor-section-height-default\" data-id=\"cb26f36\" data-element_type=\"section\" data-settings=\"{&quot;stretch_section&quot;:&quot;section-stretched&quot;}\">\n\t\t\t\t\t\t<div class=\"elementor-container elementor-column-gap-default\">\n\t\t\t\t\t<div class=\"elementor-column elementor-col-50 elementor-top-column elementor-element elementor-element-89dc140\" data-id=\"89dc140\" data-element_type=\"column\" data-settings=\"{&quot;background_background&quot;:&quot;classic&quot;}\">\n\t\t\t<div class=\"elementor-widget-wrap elementor-element-populated\">\n\t\t\t\t\t\t<div class=\"elementor-element elementor-element-75ad839 elementor-widget elementor-widget-image\" data-id=\"75ad839\" data-element_type=\"widget\" data-widget_type=\"image.default\">\n\t\t\t\t<div class=\"elementor-widget-container\">\n\t\t\t\t\t\t\t\t\t\t\t\t\t\t\t<img fetchpriority=\"high\" decoding=\"async\" width=\"536\" height=\"472\" src=\"https:\/\/boardinn.de\/wp-content\/uploads\/2024\/04\/Lounge_Treffpunkt-2.png\" class=\"attachment-albatross-large size-albatross-large wp-image-13336\" alt=\"\" srcset=\"https:\/\/boardinn.de\/wp-content\/uploads\/2024\/04\/Lounge_Treffpunkt-2.png 536w, https:\/\/boardinn.de\/wp-content\/uploads\/2024\/04\/Lounge_Treffpunkt-2-300x264.png 300w, https:\/\/boardinn.de\/wp-content\/uploads\/2024\/04\/Lounge_Treffpunkt-2-341x300.png 341w\" sizes=\"(max-width: 536px) 100vw, 536px\" \/>\t\t\t\t\t\t\t\t\t\t\t\t\t\t\t<\/div>\n\t\t\t\t<\/div>\n\t\t\t\t\t<\/div>\n\t\t<\/div>\n\t\t\t\t<div class=\"elementor-column elementor-col-50 elementor-top-column elementor-element elementor-element-1c5e3e8\" data-id=\"1c5e3e8\" data-element_type=\"column\" data-settings=\"{&quot;background_background&quot;:&quot;classic&quot;}\">\n\t\t\t<div class=\"elementor-widget-wrap elementor-element-populated\">\n\t\t\t\t\t\t<div class=\"elementor-element elementor-element-d2dd28f elementor-widget elementor-widget-heading\" data-id=\"d2dd28f\" data-element_type=\"widget\" data-widget_type=\"heading.default\">\n\t\t\t\t<div class=\"elementor-widget-container\">\n\t\t\t\t\t<h2 class=\"elementor-heading-title elementor-size-default\">Punto d'incontro  <\/h2>\t\t\t\t<\/div>\n\t\t\t\t<\/div>\n\t\t\t\t<div class=\"elementor-element elementor-element-a6b8f8d elementor-widget elementor-widget-text-editor\" data-id=\"a6b8f8d\" data-element_type=\"widget\" data-widget_type=\"text-editor.default\">\n\t\t\t\t<div class=\"elementor-widget-container\">\n\t\t\t\t\t\t\t\t\t<p>Nell&#8217;area posteriore dell&#8217;edificio principale, tra qualche mese verr\u00e0 creata una sala per gruppi o seminari, utilizzabile in modo flessibile e prenotabile, con qualit\u00e0 lounge, cucina, posti a sedere coperti all&#8217;aperto e accesso separato. I visitatori avranno a disposizione distributori di bevande e caff\u00e8, TV e WLAN, giochi, tavoli da pranzo e mobili da salotto.    <br>L&#8217;uso \u00e8 orientato alla domanda e pu\u00f2 essere prenotato sia internamente che esternamente per visitatori o gruppi.  <br>L&#8217;area lounge \u00e8 accessibile sia dall&#8217;interno che dall&#8217;esterno dell&#8217;edificio. All&#8217;interno dell&#8217;edificio, l&#8217;accesso rimane aperto tutto il giorno. <br><br><\/p>\t\t\t\t\t\t\t\t<\/div>\n\t\t\t\t<\/div>\n\t\t\t\t\t<\/div>\n\t\t<\/div>\n\t\t\t\t\t<\/div>\n\t\t<\/section>\n\t\t\t\t<section class=\"elementor-section elementor-top-section elementor-element elementor-element-6608383 elementor-section-stretched elementor-section-boxed elementor-section-height-default elementor-section-height-default\" data-id=\"6608383\" data-element_type=\"section\" data-settings=\"{&quot;stretch_section&quot;:&quot;section-stretched&quot;}\">\n\t\t\t\t\t\t<div class=\"elementor-container elementor-column-gap-default\">\n\t\t\t\t\t<div class=\"elementor-column elementor-col-100 elementor-top-column elementor-element elementor-element-832649d\" data-id=\"832649d\" data-element_type=\"column\">\n\t\t\t<div class=\"elementor-widget-wrap elementor-element-populated\">\n\t\t\t\t\t\t<div class=\"elementor-element elementor-element-848fa5e outlined elementor-widget elementor-widget-heading\" data-id=\"848fa5e\" data-element_type=\"widget\" data-widget_type=\"heading.default\">\n\t\t\t\t<div class=\"elementor-widget-container\">\n\t\t\t\t\t<h1 class=\"elementor-heading-title elementor-size-default\">soggiorno e seminari<\/h1>\t\t\t\t<\/div>\n\t\t\t\t<\/div>\n\t\t\t\t\t<\/div>\n\t\t<\/div>\n\t\t\t\t\t<\/div>\n\t\t<\/section>\n\t\t\t\t<section class=\"elementor-section elementor-top-section elementor-element elementor-element-5d7f2994 elementor-section-stretched elementor-section-boxed elementor-section-height-default elementor-section-height-default\" data-id=\"5d7f2994\" data-element_type=\"section\" data-settings=\"{&quot;background_background&quot;:&quot;classic&quot;,&quot;stretch_section&quot;:&quot;section-stretched&quot;}\">\n\t\t\t\t\t\t<div class=\"elementor-container elementor-column-gap-default\">\n\t\t\t\t\t<div class=\"elementor-column elementor-col-100 elementor-top-column elementor-element elementor-element-b1c75b\" data-id=\"b1c75b\" data-element_type=\"column\" data-settings=\"{&quot;background_background&quot;:&quot;classic&quot;}\">\n\t\t\t<div class=\"elementor-widget-wrap elementor-element-populated\">\n\t\t\t\t\t\t<div class=\"elementor-element elementor-element-12082185 elementor-widget elementor-widget-video\" data-id=\"12082185\" data-element_type=\"widget\" data-settings=\"{&quot;video_type&quot;:&quot;hosted&quot;,&quot;autoplay&quot;:&quot;yes&quot;,&quot;play_on_mobile&quot;:&quot;yes&quot;,&quot;mute&quot;:&quot;yes&quot;,&quot;loop&quot;:&quot;yes&quot;}\" data-widget_type=\"video.default\">\n\t\t\t\t<div class=\"elementor-widget-container\">\n\t\t\t\t\t\t\t<div class=\"e-hosted-video elementor-wrapper elementor-open-inline\">\n\t\t\t\t\t<video class=\"elementor-video\" src=\"https:\/\/boardinn.de\/wp-content\/uploads\/2024\/04\/V7-Line_480.mp4\" autoplay=\"\" loop=\"\" muted=\"muted\" playsinline=\"\" controlsList=\"nodownload\" poster=\"https:\/\/boardinn.de\/wp-content\/uploads\/2024\/01\/Board-Inn_HG02.jpg\"><\/video>\n\t\t\t\t<\/div>\n\t\t\t\t\t\t<\/div>\n\t\t\t\t<\/div>\n\t\t\t\t\t<\/div>\n\t\t<\/div>\n\t\t\t\t\t<\/div>\n\t\t<\/section>\n\t\t\t\t<\/div>\n\t\t","protected":false},"excerpt":{"rendered":"<p>Non \u00e8 perch\u00e9 c&#8217;\u00e8 freddezza tra le persone che non osiamo incontrarci. \u00c8 perch\u00e9 non abbiamo il coraggio di incontrarci che c&#8217;\u00e8 freddezza tra le persone.<br \/>\nKurt Haberstich (*1948), scrittore e aforista svizzero<\/p>\n","protected":false},"author":1,"featured_media":13271,"parent":0,"menu_order":0,"comment_status":"closed","ping_status":"closed","template":"","meta":{"inline_featured_image":false,"footnotes":""},"class_list":["post-15859","page","type-page","status-publish","has-post-thumbnail","hentry"],"aioseo_notices":[],"_links":{"self":[{"href":"https:\/\/boardinn.de\/it\/wp-json\/wp\/v2\/pages\/15859","targetHints":{"allow":["GET"]}}],"collection":[{"href":"https:\/\/boardinn.de\/it\/wp-json\/wp\/v2\/pages"}],"about":[{"href":"https:\/\/boardinn.de\/it\/wp-json\/wp\/v2\/types\/page"}],"author":[{"embeddable":true,"href":"https:\/\/boardinn.de\/it\/wp-json\/wp\/v2\/users\/1"}],"replies":[{"embeddable":true,"href":"https:\/\/boardinn.de\/it\/wp-json\/wp\/v2\/comments?post=15859"}],"version-history":[{"count":1,"href":"https:\/\/boardinn.de\/it\/wp-json\/wp\/v2\/pages\/15859\/revisions"}],"predecessor-version":[{"id":15861,"href":"https:\/\/boardinn.de\/it\/wp-json\/wp\/v2\/pages\/15859\/revisions\/15861"}],"wp:featuredmedia":[{"embeddable":true,"href":"https:\/\/boardinn.de\/it\/wp-json\/wp\/v2\/media\/13271"}],"wp:attachment":[{"href":"https:\/\/boardinn.de\/it\/wp-json\/wp\/v2\/media?parent=15859"}],"curies":[{"name":"wp","href":"https:\/\/api.w.org\/{rel}","templated":true}]}}