{"id":15885,"date":"2023-10-20T19:54:10","date_gmt":"2023-10-20T17:54:10","guid":{"rendered":"https:\/\/boardinn.de\/impronta\/"},"modified":"2025-04-23T16:30:30","modified_gmt":"2025-04-23T14:30:30","slug":"impronta","status":"publish","type":"page","link":"https:\/\/boardinn.de\/it\/impronta\/","title":{"rendered":"Impronta"},"content":{"rendered":"\t\t<div data-elementor-type=\"wp-page\" data-elementor-id=\"15885\" class=\"elementor elementor-15885 elementor-976\" data-elementor-post-type=\"page\">\n\t\t\t\t<div class=\"elementor-element elementor-element-9739fa2 e-flex e-con-boxed e-con e-parent\" data-id=\"9739fa2\" data-element_type=\"container\">\n\t\t\t\t\t<div class=\"e-con-inner\">\n\t\t\t\t<div class=\"elementor-element elementor-element-4929d2d elementor-widget elementor-widget-heading\" data-id=\"4929d2d\" data-element_type=\"widget\" data-widget_type=\"heading.default\">\n\t\t\t\t<div class=\"elementor-widget-container\">\n\t\t\t\t\t<h2 class=\"elementor-heading-title elementor-size-default\">Impronta<\/h2>\t\t\t\t<\/div>\n\t\t\t\t<\/div>\n\t\t\t\t\t<\/div>\n\t\t\t\t<\/div>\n\t\t<div class=\"elementor-element elementor-element-6896d2f e-flex e-con-boxed e-con e-parent\" data-id=\"6896d2f\" data-element_type=\"container\">\n\t\t\t\t\t<div class=\"e-con-inner\">\n\t\t<div class=\"elementor-element elementor-element-7d0149a e-con-full e-flex e-con e-child\" data-id=\"7d0149a\" data-element_type=\"container\">\n\t\t\t\t<div class=\"elementor-element elementor-element-4a0226c elementor-widget elementor-widget-text-editor\" data-id=\"4a0226c\" data-element_type=\"widget\" data-widget_type=\"text-editor.default\">\n\t\t\t\t<div class=\"elementor-widget-container\">\n\t\t\t\t\t\t\t\t\t<p><\/p>\n<h4>Nome e indirizzo dell&#8217;azienda:<\/h4>\n<p><\/p>\n<p><strong>BOARD INN &#8211; House Regensburg<br><\/strong>Liebigstra\u00dfe 8<br>93055 Regensburg<\/p>\n<p><\/p>\n<p>Telefono +49 (0) 941 20 910 844<br>Mail: info(at)boardinn.de<br>Web: <a title=\"Pensione Inn - House Regensburg\" href=\"https:\/\/www.boardinn.de\">www.boardinn.de<\/a> <\/p>\n<p>Codice fiscale: DE225793669<\/p>\n<p><\/p>\n<p> <\/p>\n<p><\/p>\n<p><\/p>\n<p><\/p>\n<p><\/p>\t\t\t\t\t\t\t\t<\/div>\n\t\t\t\t<\/div>\n\t\t\t\t<\/div>\n\t\t<div class=\"elementor-element elementor-element-cd2e2be e-con-full e-flex e-con e-child\" data-id=\"cd2e2be\" data-element_type=\"container\">\n\t\t\t\t<div class=\"elementor-element elementor-element-fccacc4 elementor-widget elementor-widget-text-editor\" data-id=\"fccacc4\" data-element_type=\"widget\" data-widget_type=\"text-editor.default\">\n\t\t\t\t<div class=\"elementor-widget-container\">\n\t\t\t\t\t\t\t\t\t<p><\/p>\n<p><\/p>\n<p><\/p>\n<h4>Responsabile dei contenuti editoriali:<\/h4>\n<p><\/p>\n<p>Susanne Amann<br>Tutti i diritti riservati<\/p>\n<p><\/p>\n<h4>Diritti d&#8217;immagine:<\/h4>\n<p><\/p>\n<p>I diritti di immagine sono detenuti esclusivamente da Susanne Amann.<\/p>\n<p><\/p>\n<p><\/p>\n<p><\/p>\t\t\t\t\t\t\t\t<\/div>\n\t\t\t\t<\/div>\n\t\t\t\t<\/div>\n\t\t\t\t\t<\/div>\n\t\t\t\t<\/div>\n\t\t<div class=\"elementor-element elementor-element-1982ee2 e-flex e-con-boxed e-con e-parent\" data-id=\"1982ee2\" data-element_type=\"container\">\n\t\t\t\t\t<div class=\"e-con-inner\">\n\t\t\t\t<div class=\"elementor-element elementor-element-158affe elementor-widget elementor-widget-text-editor\" data-id=\"158affe\" data-element_type=\"widget\" data-widget_type=\"text-editor.default\">\n\t\t\t\t<div class=\"elementor-widget-container\">\n\t\t\t\t\t\t\t\t\t<p><\/p>\n<p>Obbligo di etichettatura secondo la legge sui servizi telematici (nella versione del 21 dicembre 2001).<\/p>\n<p><\/p>\n<p><\/p>\n<p><\/p>\n<p><\/p>\n<p><\/p>\t\t\t\t\t\t\t\t<\/div>\n\t\t\t\t<\/div>\n\t\t\t\t\t<\/div>\n\t\t\t\t<\/div>\n\t\t<div class=\"elementor-element elementor-element-77488713 e-flex e-con-boxed e-con e-parent\" data-id=\"77488713\" data-element_type=\"container\">\n\t\t\t\t\t<div class=\"e-con-inner\">\n\t\t\t\t<div class=\"elementor-element elementor-element-5e1753c2 elementor-widget elementor-widget-text-editor\" data-id=\"5e1753c2\" data-element_type=\"widget\" data-widget_type=\"text-editor.default\">\n\t\t\t\t<div class=\"elementor-widget-container\">\n\t\t\t\t\t\t\t\t\t<p><\/p>\n<p><\/p>\n<p><\/p>\n<p><\/p>\n<p><\/p>\n<h3>Esclusione di responsabilit\u00e0<\/h3>\n<p><\/p>\n<h4>1. contenuto dell&#8217;offerta online<\/h4>\n<p><\/p>\n<p>Board Inn non si assume alcuna responsabilit\u00e0 per l&#8217;attualit\u00e0, la correttezza, la completezza o la qualit\u00e0 delle informazioni fornite. Le richieste di responsabilit\u00e0 nei confronti di schmid architekten relative a danni materiali o immateriali causati dall&#8217;uso o dal mancato uso delle informazioni fornite o dall&#8217;uso di informazioni errate o incomplete sono fondamentalmente escluse, a meno che non vi siano prove di dolo o grave negligenza da parte di schmid architekten.<br>Tutte le offerte non sono vincolanti e senza impegno. Board Inn si riserva espressamente il diritto di modificare, integrare o cancellare parti delle pagine o l&#8217;intera offerta senza preavviso o di interrompere temporaneamente o definitivamente la pubblicazione.  <\/p>\n<p><\/p>\n<h4>2. riferimenti e link<\/h4>\n<p><\/p>\n<p>Nel caso di riferimenti diretti o indiretti a siti web esterni (&#8220;hyperlink&#8221;) che si trovano al di fuori dell&#8217;area di responsabilit\u00e0 di Board Inn, l&#8217;obbligo di responsabilit\u00e0 entrer\u00e0 in vigore solo nel caso in cui Board Inn sia a conoscenza del contenuto e sia tecnicamente possibile e ragionevole per Board Inn impedirne l&#8217;utilizzo in caso di contenuti illegali.<br>Board Inn dichiara espressamente che al momento della creazione dei link non era riconoscibile alcun contenuto illegale nelle pagine collegate. Board Inn non ha alcuna influenza sul design, sul contenuto o sulla paternit\u00e0 attuale e futura delle pagine collegate. Pertanto, prendiamo espressamente le distanze da tutti i contenuti delle pagine collegate che sono stati modificati dopo la creazione del link. Questa dichiarazione si applica a tutti i link e i riferimenti inseriti all&#8217;interno della propria offerta Internet, nonch\u00e9 alle voci esterne di guestbook, forum di discussione, elenchi di link, mailing list e a tutte le altre forme di database creati dall&#8217;autore e al cui contenuto \u00e8 possibile accedere in scrittura esterna. La responsabilit\u00e0 per i contenuti illegali, errati o incompleti e, in particolare, per i danni derivanti dall&#8217;uso o dal mancato uso di tali informazioni \u00e8 esclusivamente del fornitore della pagina a cui si fa riferimento e non della persona che si limita a rimandare alla rispettiva pubblicazione tramite link.    <\/p>\n<p><\/p>\n<h4>3. leggi sul copyright e sull&#8217;etichettatura<\/h4>\n<p><\/p>\n<p>Board Inn si impegna a rispettare i diritti d&#8217;autore delle immagini, dei grafici, dei documenti sonori, delle sequenze video e dei testi utilizzati in tutte le pubblicazioni, a utilizzare immagini, grafici, documenti sonori, sequenze video e testi da essa stessa creati o a utilizzare grafici, documenti sonori, sequenze video e testi privi di licenza.<br>Tutti i marchi e le marche commerciali citati sul sito web ed eventualmente protetti da terzi sono soggetti senza limitazioni alle disposizioni della legge sui marchi applicabile e ai diritti di propriet\u00e0 dei rispettivi proprietari registrati. La semplice menzione di un marchio non implica che esso non sia protetto da diritti di terzi! <br>Il copyright per gli oggetti pubblicati creati dall&#8217;autore stesso rimane esclusivamente dell&#8217;autore delle pagine. Qualsiasi duplicazione o utilizzo di oggetti quali diagrammi, suoni o testi in altre pubblicazioni elettroniche o stampate non \u00e8 consentita senza il consenso di schmid architekten. <\/p>\n<p><\/p>\n<h4>4. protezione dei dati<\/h4>\n<p><\/p>\n<p>Se viene offerta la possibilit\u00e0 di inserire dati personali o aziendali (indirizzi e-mail, nome, indirizzi), l&#8217;inserimento di tali dati avviene volontariamente. L&#8217;utilizzo e il pagamento di tutti i servizi offerti \u00e8 consentito &#8211; per quanto tecnicamente possibile e ragionevole &#8211; anche senza fornire tali dati o fornendo dati anonimi o uno pseudonimo. Non \u00e8 consentito l&#8217;utilizzo di dati di contatto quali indirizzi postali, numeri di telefono e fax e indirizzi e-mail pubblicati nell&#8217;imprinting o informazioni analoghe da parte di terzi per l&#8217;invio di informazioni non espressamente richieste. Ci riserviamo espressamente il diritto di intraprendere azioni legali contro i mittenti delle cosiddette e-mail di spam in caso di violazione di questo divieto.   <\/p>\n<p><\/p>\n<h4>5 Validit\u00e0 legale del presente disclaimer<\/h4>\n<p><\/p>\n<p>Questa dichiarazione di non responsabilit\u00e0 deve essere considerata come parte integrante della pubblicazione internet da cui sei stato indirizzato. Se alcune sezioni o singoli termini di questa dichiarazione non sono legali o corretti, il contenuto o la validit\u00e0 delle altre parti non sono influenzati da questo fatto. <\/p>\n<p><\/p>\t\t\t\t\t\t\t\t<\/div>\n\t\t\t\t<\/div>\n\t\t\t\t\t<\/div>\n\t\t\t\t<\/div>\n\t\t\t\t<\/div>\n\t\t","protected":false},"excerpt":{"rendered":"<p>Impronta Nome e indirizzo dell&#8217;azienda: BOARD INN &#8211; House RegensburgLiebigstra\u00dfe 893055 Regensburg Telefono +49 (0) 941 20 910 844Mail: info(at)boardinn.deWeb: www.boardinn.de Codice fiscale: DE225793669 Responsabile dei contenuti editoriali: Susanne AmannTutti i diritti riservati Diritti d&#8217;immagine: I diritti di immagine sono detenuti esclusivamente da Susanne Amann. Obbligo di etichettatura secondo la legge sui servizi telematici (nella [&hellip;]<\/p>\n","protected":false},"author":1,"featured_media":0,"parent":0,"menu_order":0,"comment_status":"closed","ping_status":"closed","template":"","meta":{"inline_featured_image":false,"footnotes":""},"class_list":["post-15885","page","type-page","status-publish","hentry"],"aioseo_notices":[],"_links":{"self":[{"href":"https:\/\/boardinn.de\/it\/wp-json\/wp\/v2\/pages\/15885","targetHints":{"allow":["GET"]}}],"collection":[{"href":"https:\/\/boardinn.de\/it\/wp-json\/wp\/v2\/pages"}],"about":[{"href":"https:\/\/boardinn.de\/it\/wp-json\/wp\/v2\/types\/page"}],"author":[{"embeddable":true,"href":"https:\/\/boardinn.de\/it\/wp-json\/wp\/v2\/users\/1"}],"replies":[{"embeddable":true,"href":"https:\/\/boardinn.de\/it\/wp-json\/wp\/v2\/comments?post=15885"}],"version-history":[{"count":5,"href":"https:\/\/boardinn.de\/it\/wp-json\/wp\/v2\/pages\/15885\/revisions"}],"predecessor-version":[{"id":15904,"href":"https:\/\/boardinn.de\/it\/wp-json\/wp\/v2\/pages\/15885\/revisions\/15904"}],"wp:attachment":[{"href":"https:\/\/boardinn.de\/it\/wp-json\/wp\/v2\/media?parent=15885"}],"curies":[{"name":"wp","href":"https:\/\/api.w.org\/{rel}","templated":true}]}}