{"id":15757,"date":"2023-10-20T19:56:14","date_gmt":"2023-10-20T17:56:14","guid":{"rendered":"https:\/\/boardinn.de\/polityka-prywatnosci\/"},"modified":"2025-04-23T16:30:24","modified_gmt":"2025-04-23T14:30:24","slug":"polityka-prywatnosci","status":"publish","type":"page","link":"https:\/\/boardinn.de\/pl\/nadruk\/polityka-prywatnosci\/","title":{"rendered":"Polityka prywatno\u015bci"},"content":{"rendered":"\t\t<div data-elementor-type=\"wp-page\" data-elementor-id=\"15757\" class=\"elementor elementor-15757 elementor-978\" data-elementor-post-type=\"page\">\n\t\t\t\t<div class=\"elementor-element elementor-element-94d6191 e-flex e-con-boxed e-con e-parent\" data-id=\"94d6191\" data-element_type=\"container\">\n\t\t\t\t\t<div class=\"e-con-inner\">\n\t\t\t\t<div class=\"elementor-element elementor-element-77267f5 elementor-widget elementor-widget-heading\" data-id=\"77267f5\" data-element_type=\"widget\" data-widget_type=\"heading.default\">\n\t\t\t\t<div class=\"elementor-widget-container\">\n\t\t\t\t\t<h2 class=\"elementor-heading-title elementor-size-default\">Polityka prywatno\u015bci<\/h2>\t\t\t\t<\/div>\n\t\t\t\t<\/div>\n\t\t\t\t\t<\/div>\n\t\t\t\t<\/div>\n\t\t<div class=\"elementor-element elementor-element-1662dd14 e-flex e-con-boxed e-con e-parent\" data-id=\"1662dd14\" data-element_type=\"container\">\n\t\t\t\t\t<div class=\"e-con-inner\">\n\t\t\t\t<div class=\"elementor-element elementor-element-2cf2cbcf elementor-widget elementor-widget-text-editor\" data-id=\"2cf2cbcf\" data-element_type=\"widget\" data-widget_type=\"text-editor.default\">\n\t\t\t\t<div class=\"elementor-widget-container\">\n\t\t\t\t\t\t\t\t\t\n<h3 class=\"wp-block-heading\">Kim jeste\u015bmy<\/h3>\n\n<p>Adres naszej strony internetowej to: https:\/\/boardinn.de.<\/p>\n\n<h3 class=\"wp-block-heading\">Komentarze<\/h3>\n\n<p>Gdy odwiedzaj\u0105cy publikuj\u0105 komentarze na stronie internetowej, zbieramy dane wy\u015bwietlane w formularzu komentarza, adres IP odwiedzaj\u0105cego i ci\u0105g agenta u\u017cytkownika (kt\u00f3ry identyfikuje przegl\u0105dark\u0119), aby pom\u00f3c w rozpoznawaniu spamu.<\/p>\n\n<p>Anonimowy ci\u0105g znak\u00f3w (znany r\u00f3wnie\u017c jako hash) mo\u017ce zosta\u0107 utworzony z Twojego adresu e-mail i przekazany do us\u0142ugi Gravatar w celu sprawdzenia, czy go u\u017cywasz. Polityk\u0119 prywatno\u015bci us\u0142ugi Gravatar mo\u017cna znale\u017a\u0107 tutaj: https:\/\/automattic.com\/privacy\/. Po zatwierdzeniu komentarza Twoje zdj\u0119cie profilowe b\u0119dzie publicznie widoczne w kontek\u015bcie Twojego komentarza. <\/p>\n\n<h3 class=\"wp-block-heading\">Media<\/h3>\n\n<p>Je\u015bli jeste\u015b zarejestrowanym u\u017cytkownikiem i przesy\u0142asz zdj\u0119cia do tej witryny, powiniene\u015b unika\u0107 przesy\u0142ania zdj\u0119\u0107 z lokalizacj\u0105 EXIF GPS. Odwiedzaj\u0105cy t\u0119 witryn\u0119 mogliby pobra\u0107 zdj\u0119cia przechowywane w tej witrynie i wyodr\u0119bni\u0107 informacje o ich lokalizacji. <\/p>\n\n<h3 class=\"wp-block-heading\">Pliki cookie<\/h3>\n\n<p>Je\u015bli napiszesz komentarz na naszej stronie internetowej, mo\u017ce to by\u0107 zgoda na zapisanie Twojego imienia i nazwiska, adresu e-mail i strony internetowej w plikach cookie. Jest to wygodna funkcja, dzi\u0119ki kt\u00f3rej nie musisz ponownie wprowadza\u0107 wszystkich tych danych podczas pisania kolejnego komentarza. Te pliki cookie s\u0105 przechowywane przez rok.  <\/p>\n\n<p>Je\u015bli masz konto i zalogujesz si\u0119 na tej stronie, ustawimy tymczasowy plik cookie, aby okre\u015bli\u0107, czy Twoja przegl\u0105darka akceptuje pliki cookie. Ten plik cookie nie zawiera \u017cadnych danych osobowych i zostanie usuni\u0119ty po zamkni\u0119ciu przegl\u0105darki. <\/p>\n\n<p>Podczas rejestracji skonfigurujemy pliki cookie do przechowywania danych logowania i opcji wy\u015bwietlania. Pliki cookie logowania wygasaj\u0105 po dw\u00f3ch dniach, a pliki cookie opcji wy\u015bwietlania po roku. Je\u015bli podczas logowania wybierzesz opcj\u0119 &#8220;Pozosta\u0144 zalogowany&#8221;, Tw\u00f3j login b\u0119dzie przechowywany przez dwa tygodnie. Po wylogowaniu si\u0119 z konta pliki cookie logowania s\u0105 usuwane.   <\/p>\n\n<p>Gdy edytujesz lub publikujesz artyku\u0142, w Twojej przegl\u0105darce zapisywany jest dodatkowy plik cookie. Ten plik cookie nie zawiera \u017cadnych danych osobowych i odnosi si\u0119 tylko do identyfikatora posta artyku\u0142u, kt\u00f3ry w\u0142a\u015bnie edytowa\u0142e\u015b. Plik cookie wygasa po jednym dniu.  <\/p>\n\n<h3 class=\"wp-block-heading\">Osadzona zawarto\u015b\u0107 z innych stron internetowych<\/h3>\n\n<p>Posty na tej stronie mog\u0105 zawiera\u0107 osadzone tre\u015bci (np. filmy, obrazy, artyku\u0142y itp.). Osadzone tre\u015bci z innych witryn zachowuj\u0105 si\u0119 dok\u0142adnie tak, jakby u\u017cytkownik odwiedzi\u0142 inn\u0105 witryn\u0119. <\/p>\n\n<p>Witryny te mog\u0105 gromadzi\u0107 dane o u\u017cytkowniku, wykorzystywa\u0107 pliki cookie, osadza\u0107 dodatkowe us\u0142ugi \u015bledzenia stron trzecich i rejestrowa\u0107 interakcj\u0119 u\u017cytkownika z osadzon\u0105 zawarto\u015bci\u0105, w tym interakcj\u0119 z osadzon\u0105 zawarto\u015bci\u0105, je\u015bli u\u017cytkownik ma konto i jest zalogowany w tej witrynie.<\/p>\n\n<h3 class=\"wp-block-heading\">Komu udost\u0119pniamy dane u\u017cytkownika<\/h3>\n\n<p>Je\u015bli poprosisz o zresetowanie has\u0142a, Tw\u00f3j adres IP zostanie uwzgl\u0119dniony w wiadomo\u015bci e-mail z pro\u015bb\u0105 o zresetowanie has\u0142a.<\/p>\n\n<h3 class=\"wp-block-heading\">Jak d\u0142ugo przechowujemy dane u\u017cytkownika<\/h3>\n\n<p>Po napisaniu komentarza jest on zapisywany na czas nieokre\u015blony, \u0142\u0105cznie z metadanymi. W ten spos\u00f3b mo\u017cemy automatycznie rozpoznawa\u0107 i zatwierdza\u0107 kolejne komentarze, zamiast trzyma\u0107 je w kolejce moderacji. <\/p>\n\n<p>W przypadku u\u017cytkownik\u00f3w, kt\u00f3rzy zarejestruj\u0105 si\u0119 na naszej stronie internetowej, przechowujemy r\u00f3wnie\u017c podane przez nich dane osobowe w ich profilach u\u017cytkownika. Wszyscy u\u017cytkownicy mog\u0105 przegl\u0105da\u0107, zmienia\u0107 lub usuwa\u0107 swoje dane osobowe w dowolnym momencie (nazwa u\u017cytkownika nie mo\u017ce zosta\u0107 zmieniona). Administratorzy witryny mog\u0105 r\u00f3wnie\u017c przegl\u0105da\u0107 i zmienia\u0107 te informacje.  <\/p>\n\n<h3 class=\"wp-block-heading\">Jakie prawa przys\u0142uguj\u0105 u\u017cytkownikowi w odniesieniu do jego danych<\/h3>\n\n<p>Je\u015bli masz konto na tej stronie lub napisa\u0142e\u015b komentarze, mo\u017cesz za\u017c\u0105da\u0107 od nas eksportu swoich danych osobowych, w tym wszelkich danych, kt\u00f3re nam przekaza\u0142e\u015b. Ponadto u\u017cytkownik mo\u017ce za\u017c\u0105da\u0107 usuni\u0119cia wszystkich danych osobowych, kt\u00f3re przechowujemy na jego temat. Nie obejmuje to danych, kt\u00f3re musimy zachowa\u0107 do cel\u00f3w administracyjnych, prawnych lub bezpiecze\u0144stwa.  <\/p>\n\n<h3 class=\"wp-block-heading\">Gdzie przesy\u0142ane s\u0105 dane u\u017cytkownika<\/h3>\n\n<p>Komentarze odwiedzaj\u0105cych mog\u0105 by\u0107 analizowane przez automatyczn\u0105 us\u0142ug\u0119 wykrywania spamu.<\/p>\n\t\t\t\t\t\t\t\t<\/div>\n\t\t\t\t<\/div>\n\t\t\t\t\t<\/div>\n\t\t\t\t<\/div>\n\t\t\t\t<\/div>\n\t\t","protected":false},"excerpt":{"rendered":"<p>Polityka prywatno\u015bci Kim jeste\u015bmy Adres naszej strony internetowej to: https:\/\/boardinn.de. Komentarze Gdy odwiedzaj\u0105cy publikuj\u0105 komentarze na stronie internetowej, zbieramy dane wy\u015bwietlane w formularzu komentarza, adres IP odwiedzaj\u0105cego i ci\u0105g agenta u\u017cytkownika (kt\u00f3ry identyfikuje przegl\u0105dark\u0119), aby pom\u00f3c w rozpoznawaniu spamu. Anonimowy ci\u0105g znak\u00f3w (znany r\u00f3wnie\u017c jako hash) mo\u017ce zosta\u0107 utworzony z Twojego adresu e-mail i przekazany [&hellip;]<\/p>\n","protected":false},"author":1,"featured_media":0,"parent":15877,"menu_order":0,"comment_status":"closed","ping_status":"closed","template":"","meta":{"inline_featured_image":false,"footnotes":""},"class_list":["post-15757","page","type-page","status-publish","hentry"],"aioseo_notices":[],"_links":{"self":[{"href":"https:\/\/boardinn.de\/pl\/wp-json\/wp\/v2\/pages\/15757","targetHints":{"allow":["GET"]}}],"collection":[{"href":"https:\/\/boardinn.de\/pl\/wp-json\/wp\/v2\/pages"}],"about":[{"href":"https:\/\/boardinn.de\/pl\/wp-json\/wp\/v2\/types\/page"}],"author":[{"embeddable":true,"href":"https:\/\/boardinn.de\/pl\/wp-json\/wp\/v2\/users\/1"}],"replies":[{"embeddable":true,"href":"https:\/\/boardinn.de\/pl\/wp-json\/wp\/v2\/comments?post=15757"}],"version-history":[{"count":5,"href":"https:\/\/boardinn.de\/pl\/wp-json\/wp\/v2\/pages\/15757\/revisions"}],"predecessor-version":[{"id":15771,"href":"https:\/\/boardinn.de\/pl\/wp-json\/wp\/v2\/pages\/15757\/revisions\/15771"}],"up":[{"embeddable":true,"href":"https:\/\/boardinn.de\/pl\/wp-json\/wp\/v2\/pages\/15877"}],"wp:attachment":[{"href":"https:\/\/boardinn.de\/pl\/wp-json\/wp\/v2\/media?parent=15757"}],"curies":[{"name":"wp","href":"https:\/\/api.w.org\/{rel}","templated":true}]}}