{"id":15815,"date":"2020-11-03T20:11:47","date_gmt":"2020-11-03T19:11:47","guid":{"rendered":"https:\/\/boardinn.de\/tymczasowe-zycie\/"},"modified":"2025-04-23T16:48:10","modified_gmt":"2025-04-23T14:48:10","slug":"tymczasowe-zycie","status":"publish","type":"page","link":"https:\/\/boardinn.de\/pl\/strona-glowna\/tymczasowe-zycie\/","title":{"rendered":"Tymczasowe \u017cycie"},"content":{"rendered":"","protected":false},"excerpt":{"rendered":"<p>Tymczasowe rozwi\u0105zanie w mi\u0119dzyczasie.<br \/>\nOferujemy rozwi\u0105zanie, kt\u00f3re po\u015bredniczy mi\u0119dzy hotelami a kwaterami prywatnymi. Szukasz niedrogiego zakwaterowania? Mieszkanie z obs\u0142ug\u0105, pensjonat, aparthotel: tutaj d\u0142ugoterminowe rezerwacje spotykaj\u0105 si\u0119 z kr\u00f3tkoterminowym wynajmem.  <\/p>\n","protected":false},"author":1,"featured_media":15563,"parent":16181,"menu_order":0,"comment_status":"closed","ping_status":"closed","template":"","meta":{"inline_featured_image":false,"footnotes":""},"class_list":["post-15815","page","type-page","status-publish","has-post-thumbnail","hentry"],"aioseo_notices":[],"_links":{"self":[{"href":"https:\/\/boardinn.de\/pl\/wp-json\/wp\/v2\/pages\/15815","targetHints":{"allow":["GET"]}}],"collection":[{"href":"https:\/\/boardinn.de\/pl\/wp-json\/wp\/v2\/pages"}],"about":[{"href":"https:\/\/boardinn.de\/pl\/wp-json\/wp\/v2\/types\/page"}],"author":[{"embeddable":true,"href":"https:\/\/boardinn.de\/pl\/wp-json\/wp\/v2\/users\/1"}],"replies":[{"embeddable":true,"href":"https:\/\/boardinn.de\/pl\/wp-json\/wp\/v2\/comments?post=15815"}],"version-history":[{"count":1,"href":"https:\/\/boardinn.de\/pl\/wp-json\/wp\/v2\/pages\/15815\/revisions"}],"predecessor-version":[{"id":15817,"href":"https:\/\/boardinn.de\/pl\/wp-json\/wp\/v2\/pages\/15815\/revisions\/15817"}],"up":[{"embeddable":true,"href":"https:\/\/boardinn.de\/pl\/wp-json\/wp\/v2\/pages\/16181"}],"wp:featuredmedia":[{"embeddable":true,"href":"https:\/\/boardinn.de\/pl\/wp-json\/wp\/v2\/media\/15563"}],"wp:attachment":[{"href":"https:\/\/boardinn.de\/pl\/wp-json\/wp\/v2\/media?parent=15815"}],"curies":[{"name":"wp","href":"https:\/\/api.w.org\/{rel}","templated":true}]}}