{"id":15842,"date":"2020-11-04T08:57:43","date_gmt":"2020-11-04T07:57:43","guid":{"rendered":"https:\/\/boardinn.de\/udogodnienia-board-inn\/"},"modified":"2025-04-23T16:29:59","modified_gmt":"2025-04-23T14:29:59","slug":"udogodnienia-board-inn","status":"publish","type":"page","link":"https:\/\/boardinn.de\/pl\/udogodnienia-board-inn\/","title":{"rendered":"Udogodnienia Board Inn"},"content":{"rendered":"\t\t<div data-elementor-type=\"wp-page\" data-elementor-id=\"15842\" class=\"elementor elementor-15842 elementor-278\" data-elementor-post-type=\"page\">\n\t\t\t\t\t\t<section class=\"elementor-section elementor-top-section elementor-element elementor-element-d20e305 elementor-section-stretched elementor-section-boxed elementor-section-height-default elementor-section-height-default\" data-id=\"d20e305\" data-element_type=\"section\" data-settings=\"{&quot;stretch_section&quot;:&quot;section-stretched&quot;}\">\n\t\t\t\t\t\t<div class=\"elementor-container elementor-column-gap-default\">\n\t\t\t\t\t<div class=\"elementor-column elementor-col-33 elementor-top-column elementor-element elementor-element-5f9671d\" data-id=\"5f9671d\" data-element_type=\"column\">\n\t\t\t<div class=\"elementor-widget-wrap elementor-element-populated\">\n\t\t\t\t\t\t<div class=\"elementor-element elementor-element-ef8584c elementor-widget elementor-widget-stratum-flip-box\" data-id=\"ef8584c\" data-element_type=\"widget\" data-widget_type=\"stratum-flip-box.default\">\n\t\t\t\t<div class=\"elementor-widget-container\">\n\t\t\t\t\t<div class=\"stratum-flip-box flip-box-effect-flip flip-box-direction-right\">\n    <div class=\"stratum-flip-box__inner\">\n        <div class=\"stratum-flip-box__layer stratum-flip-box__front\">\n            <div class=\"stratum-flip-box__layer__overlay\">\n                <div class=\"stratum-flip-box__layer__inner\">\n\t\t\t\t\t<div class='stratum-flip-box__image'><img src='https:\/\/boardinn.de\/wp-content\/uploads\/2023\/10\/Icons_BoardInn_06.svg' class='stratum-flip-box__image wp-image-2149' srcset=''\/><\/div>                    <h3 class=\"stratum-flip-box__title\">WLAN I 5G<\/h3>\n                    <div class=\"stratum-flip-box__description\">... bezp\u0142atnie dla ka\u017cdego.<\/div>\n                <\/div>\n            <\/div>\n        <\/div>\n\n        <div class=\"stratum-flip-box__layer stratum-flip-box__back\">\n            <div class=\"stratum-flip-box__layer__overlay\">\n                <div class=\"stratum-flip-box__layer__inner\">\n\t\t\t\t\t                    <h3 class=\"stratum-flip-box__title\">WLAN I 5G<\/h3>\n                    <div class=\"stratum-flip-box__description\">Board Inn dysponuje bezp\u0142atn\u0105 sieci\u0105 WLAN. Okolica obj\u0119ta jest r\u00f3wnie\u017c zasi\u0119giem sieci 5G. <\/div>\n\t\t\t\t\t\t\t\t\t<\/div>\n            <\/div>\n        <\/div>\n    <\/div>\n<\/div>\n\t\t\t\t<\/div>\n\t\t\t\t<\/div>\n\t\t\t\t\t<\/div>\n\t\t<\/div>\n\t\t\t\t<div class=\"elementor-column elementor-col-33 elementor-top-column elementor-element elementor-element-81e4291\" data-id=\"81e4291\" data-element_type=\"column\">\n\t\t\t<div class=\"elementor-widget-wrap elementor-element-populated\">\n\t\t\t\t\t\t<div class=\"elementor-element elementor-element-1836fea elementor-widget elementor-widget-stratum-flip-box\" data-id=\"1836fea\" data-element_type=\"widget\" data-widget_type=\"stratum-flip-box.default\">\n\t\t\t\t<div class=\"elementor-widget-container\">\n\t\t\t\t\t<div class=\"stratum-flip-box flip-box-effect-flip flip-box-direction-right\">\n    <div class=\"stratum-flip-box__inner\">\n        <div class=\"stratum-flip-box__layer stratum-flip-box__front\">\n            <div class=\"stratum-flip-box__layer__overlay\">\n                <div class=\"stratum-flip-box__layer__inner\">\n\t\t\t\t\t<div class='stratum-flip-box__image'><img src='https:\/\/boardinn.de\/wp-content\/uploads\/2023\/10\/Icons_BoardInn_05.svg' class='stratum-flip-box__image wp-image-2148' srcset=''\/><\/div>                    <h3 class=\"stratum-flip-box__title\">Pralka i suszarka b\u0119bnowa<\/h3>\n                    <div class=\"stratum-flip-box__description\">... dost\u0119pny dla ka\u017cdego - z automatem na monety.<\/div>\n                <\/div>\n            <\/div>\n        <\/div>\n\n        <div class=\"stratum-flip-box__layer stratum-flip-box__back\">\n            <div class=\"stratum-flip-box__layer__overlay\">\n                <div class=\"stratum-flip-box__layer__inner\">\n\t\t\t\t\t                    <h3 class=\"stratum-flip-box__title\">Pralnia w piwnicy<\/h3>\n                    <div class=\"stratum-flip-box__description\">W piwnicy budynku znajduje si\u0119 pralka i suszarka b\u0119bnowa. S\u0105 one dost\u0119pne dla wszystkich Go\u015bci. <\/div>\n\t\t\t\t\t\t\t\t\t<\/div>\n            <\/div>\n        <\/div>\n    <\/div>\n<\/div>\n\t\t\t\t<\/div>\n\t\t\t\t<\/div>\n\t\t\t\t\t<\/div>\n\t\t<\/div>\n\t\t\t\t<div class=\"elementor-column elementor-col-33 elementor-top-column elementor-element elementor-element-40e87a5\" data-id=\"40e87a5\" data-element_type=\"column\">\n\t\t\t<div class=\"elementor-widget-wrap elementor-element-populated\">\n\t\t\t\t\t\t<div class=\"elementor-element elementor-element-60433d2 elementor-widget elementor-widget-stratum-flip-box\" data-id=\"60433d2\" data-element_type=\"widget\" data-widget_type=\"stratum-flip-box.default\">\n\t\t\t\t<div class=\"elementor-widget-container\">\n\t\t\t\t\t<div class=\"stratum-flip-box flip-box-effect-flip flip-box-direction-right\">\n    <div class=\"stratum-flip-box__inner\">\n        <div class=\"stratum-flip-box__layer stratum-flip-box__front\">\n            <div class=\"stratum-flip-box__layer__overlay\">\n                <div class=\"stratum-flip-box__layer__inner\">\n\t\t\t\t\t<div class='stratum-flip-box__image'><img src='https:\/\/boardinn.de\/wp-content\/uploads\/2023\/10\/Icons_BoardInn_04.svg' class='stratum-flip-box__image wp-image-2147' srcset=''\/><\/div>                    <h3 class=\"stratum-flip-box__title\">Mieszkanie &quot;gotowe do zamieszkania&quot;<\/h3>\n                    <div class=\"stratum-flip-box__description\">... dotyczy wszystkich mieszka\u0144.<\/div>\n                <\/div>\n            <\/div>\n        <\/div>\n\n        <div class=\"stratum-flip-box__layer stratum-flip-box__back\">\n            <div class=\"stratum-flip-box__layer__overlay\">\n                <div class=\"stratum-flip-box__layer__inner\">\n\t\t\t\t\t                    <h3 class=\"stratum-flip-box__title\">Mieszkanie &quot;gotowe do zamieszkania&quot;<\/h3>\n                    <div class=\"stratum-flip-box__description\">Mieszkania s\u0105 w pe\u0142ni wyposa\u017cone. W \u0142azience i kuchni znajduj\u0105 si\u0119 wszystkie przybory niezb\u0119dne do udanego pobytu. <\/div>\n\t\t\t\t\t\t\t\t\t<\/div>\n            <\/div>\n        <\/div>\n    <\/div>\n<\/div>\n\t\t\t\t<\/div>\n\t\t\t\t<\/div>\n\t\t\t\t\t<\/div>\n\t\t<\/div>\n\t\t\t\t\t<\/div>\n\t\t<\/section>\n\t\t\t\t<section class=\"elementor-section elementor-top-section elementor-element elementor-element-8c8ffcd elementor-section-stretched elementor-section-boxed elementor-section-height-default elementor-section-height-default\" data-id=\"8c8ffcd\" data-element_type=\"section\" data-settings=\"{&quot;stretch_section&quot;:&quot;section-stretched&quot;}\">\n\t\t\t\t\t\t<div class=\"elementor-container elementor-column-gap-default\">\n\t\t\t\t\t<div class=\"elementor-column elementor-col-33 elementor-top-column elementor-element elementor-element-c156879\" data-id=\"c156879\" data-element_type=\"column\">\n\t\t\t<div class=\"elementor-widget-wrap elementor-element-populated\">\n\t\t\t\t\t\t<div class=\"elementor-element elementor-element-c44e54b elementor-widget elementor-widget-stratum-flip-box\" data-id=\"c44e54b\" data-element_type=\"widget\" data-widget_type=\"stratum-flip-box.default\">\n\t\t\t\t<div class=\"elementor-widget-container\">\n\t\t\t\t\t<div class=\"stratum-flip-box flip-box-effect-flip flip-box-direction-right\">\n    <div class=\"stratum-flip-box__inner\">\n        <div class=\"stratum-flip-box__layer stratum-flip-box__front\">\n            <div class=\"stratum-flip-box__layer__overlay\">\n                <div class=\"stratum-flip-box__layer__inner\">\n\t\t\t\t\t<div class='stratum-flip-box__image'><img src='https:\/\/boardinn.de\/wp-content\/uploads\/2023\/10\/Icons_BoardInn_03.svg' class='stratum-flip-box__image wp-image-2146' srcset=''\/><\/div>                    <h3 class=\"stratum-flip-box__title\">Parking i zbiornik elektryczny*<\/h3>\n                    <div class=\"stratum-flip-box__description\">... Parking jest bezp\u0142atny.<\/div>\n                <\/div>\n            <\/div>\n        <\/div>\n\n        <div class=\"stratum-flip-box__layer stratum-flip-box__back\">\n            <div class=\"stratum-flip-box__layer__overlay\">\n                <div class=\"stratum-flip-box__layer__inner\">\n\t\t\t\t\t                    <h3 class=\"stratum-flip-box__title\">Parking i zbiornik elektryczny<\/h3>\n                    <div class=\"stratum-flip-box__description\">Du\u017cy parking na wewn\u0119trznym dziedzi\u0144cu jest dost\u0119pny dla wszystkich go\u015bci - w przysz\u0142o\u015bci wyposa\u017cony w dwie stacje \u0142adowania elektrycznego.<\/div>\n\t\t\t\t\t\t\t\t\t<\/div>\n            <\/div>\n        <\/div>\n    <\/div>\n<\/div>\n\t\t\t\t<\/div>\n\t\t\t\t<\/div>\n\t\t\t\t\t<\/div>\n\t\t<\/div>\n\t\t\t\t<div class=\"elementor-column elementor-col-33 elementor-top-column elementor-element elementor-element-ce8398e\" data-id=\"ce8398e\" data-element_type=\"column\">\n\t\t\t<div class=\"elementor-widget-wrap elementor-element-populated\">\n\t\t\t\t\t\t<div class=\"elementor-element elementor-element-e84cc10 elementor-widget elementor-widget-stratum-flip-box\" data-id=\"e84cc10\" data-element_type=\"widget\" data-widget_type=\"stratum-flip-box.default\">\n\t\t\t\t<div class=\"elementor-widget-container\">\n\t\t\t\t\t<div class=\"stratum-flip-box flip-box-effect-flip flip-box-direction-right\">\n    <div class=\"stratum-flip-box__inner\">\n        <div class=\"stratum-flip-box__layer stratum-flip-box__front\">\n            <div class=\"stratum-flip-box__layer__overlay\">\n                <div class=\"stratum-flip-box__layer__inner\">\n\t\t\t\t\t<div class='stratum-flip-box__image'><img src='https:\/\/boardinn.de\/wp-content\/uploads\/2023\/10\/Icons_BoardInn_01.svg' class='stratum-flip-box__image wp-image-2144' srcset=''\/><\/div>                    <h3 class=\"stratum-flip-box__title\">Napoje i kawa<\/h3>\n                    <div class=\"stratum-flip-box__description\">... w ekspansji!<\/div>\n                <\/div>\n            <\/div>\n        <\/div>\n\n        <div class=\"stratum-flip-box__layer stratum-flip-box__back\">\n            <div class=\"stratum-flip-box__layer__overlay\">\n                <div class=\"stratum-flip-box__layer__inner\">\n\t\t\t\t\t                    <h3 class=\"stratum-flip-box__title\">Napoje i kawa<\/h3>\n                    <div class=\"stratum-flip-box__description\">Napoje i ekspresy do kawy b\u0119d\u0105 wkr\u00f3tce dost\u0119pne w salonie i sali seminaryjnej.<\/div>\n\t\t\t\t\t\t\t\t\t<\/div>\n            <\/div>\n        <\/div>\n    <\/div>\n<\/div>\n\t\t\t\t<\/div>\n\t\t\t\t<\/div>\n\t\t\t\t\t<\/div>\n\t\t<\/div>\n\t\t\t\t<div class=\"elementor-column elementor-col-33 elementor-top-column elementor-element elementor-element-d6683a0\" data-id=\"d6683a0\" data-element_type=\"column\">\n\t\t\t<div class=\"elementor-widget-wrap elementor-element-populated\">\n\t\t\t\t\t\t<div class=\"elementor-element elementor-element-859f117 elementor-widget elementor-widget-stratum-flip-box\" data-id=\"859f117\" data-element_type=\"widget\" data-widget_type=\"stratum-flip-box.default\">\n\t\t\t\t<div class=\"elementor-widget-container\">\n\t\t\t\t\t<div class=\"stratum-flip-box flip-box-effect-flip flip-box-direction-right\">\n    <div class=\"stratum-flip-box__inner\">\n        <div class=\"stratum-flip-box__layer stratum-flip-box__front\">\n            <div class=\"stratum-flip-box__layer__overlay\">\n                <div class=\"stratum-flip-box__layer__inner\">\n\t\t\t\t\t<div class='stratum-flip-box__image'><img src='https:\/\/boardinn.de\/wp-content\/uploads\/2023\/10\/Icons_BoardInn_02.svg' class='stratum-flip-box__image wp-image-2145' srcset=''\/><\/div>                    <h3 class=\"stratum-flip-box__title\">Pobyt i seminarium<\/h3>\n                    <div class=\"stratum-flip-box__description\">... w ekspansji!<\/div>\n                <\/div>\n            <\/div>\n        <\/div>\n\n        <div class=\"stratum-flip-box__layer stratum-flip-box__back\">\n            <div class=\"stratum-flip-box__layer__overlay\">\n                <div class=\"stratum-flip-box__layer__inner\">\n\t\t\t\t\t                    <h3 class=\"stratum-flip-box__title\">Pobyt i seminaria<\/h3>\n                    <div class=\"stratum-flip-box__description\">Salon z aneksem kuchennym i cz\u0119\u015bci\u0105 wypoczynkow\u0105 na \u015bwie\u017cym powietrzu b\u0119dzie wkr\u00f3tce dost\u0119pny dla wszystkich go\u015bci na wewn\u0119trznym dziedzi\u0144cu.<\/div>\n\t\t\t\t\t\t\t\t\t<\/div>\n            <\/div>\n        <\/div>\n    <\/div>\n<\/div>\n\t\t\t\t<\/div>\n\t\t\t\t<\/div>\n\t\t\t\t\t<\/div>\n\t\t<\/div>\n\t\t\t\t\t<\/div>\n\t\t<\/section>\n\t\t<div class=\"elementor-element elementor-element-25ec095 e-flex e-con-boxed e-con e-parent\" data-id=\"25ec095\" data-element_type=\"container\">\n\t\t\t\t\t<div class=\"e-con-inner\">\n\t\t\t\t<div class=\"elementor-element elementor-element-a6f6c52 outlined elementor-widget elementor-widget-heading\" data-id=\"a6f6c52\" data-element_type=\"widget\" data-widget_type=\"heading.default\">\n\t\t\t\t<div class=\"elementor-widget-container\">\n\t\t\t\t\t<h1 class=\"elementor-heading-title elementor-size-default\">wyposa\u017cenie<\/h1>\t\t\t\t<\/div>\n\t\t\t\t<\/div>\n\t\t\t\t\t<\/div>\n\t\t\t\t<\/div>\n\t\t\t\t<section class=\"elementor-section elementor-top-section elementor-element elementor-element-7b9a4787 elementor-section-stretched elementor-section-boxed elementor-section-height-default elementor-section-height-default\" data-id=\"7b9a4787\" data-element_type=\"section\" data-settings=\"{&quot;background_background&quot;:&quot;classic&quot;,&quot;stretch_section&quot;:&quot;section-stretched&quot;}\">\n\t\t\t\t\t\t<div class=\"elementor-container elementor-column-gap-default\">\n\t\t\t\t\t<div class=\"elementor-column elementor-col-100 elementor-top-column elementor-element elementor-element-212dc05d\" data-id=\"212dc05d\" data-element_type=\"column\" data-settings=\"{&quot;background_background&quot;:&quot;classic&quot;}\">\n\t\t\t<div class=\"elementor-widget-wrap elementor-element-populated\">\n\t\t\t\t\t\t<div class=\"elementor-element elementor-element-effc933 elementor-widget elementor-widget-video\" data-id=\"effc933\" data-element_type=\"widget\" data-settings=\"{&quot;video_type&quot;:&quot;hosted&quot;,&quot;autoplay&quot;:&quot;yes&quot;,&quot;play_on_mobile&quot;:&quot;yes&quot;,&quot;mute&quot;:&quot;yes&quot;,&quot;loop&quot;:&quot;yes&quot;}\" data-widget_type=\"video.default\">\n\t\t\t\t<div class=\"elementor-widget-container\">\n\t\t\t\t\t\t\t<div class=\"e-hosted-video elementor-wrapper elementor-open-inline\">\n\t\t\t\t\t<video class=\"elementor-video\" src=\"https:\/\/boardinn.de\/wp-content\/uploads\/2024\/04\/V4-Line_720-1.mp4\" autoplay=\"\" loop=\"\" muted=\"muted\" playsinline=\"\" controlsList=\"nodownload\" poster=\"https:\/\/boardinn.de\/wp-content\/uploads\/2024\/01\/Board-Inn_HG02.jpg\"><\/video>\n\t\t\t\t<\/div>\n\t\t\t\t\t\t<\/div>\n\t\t\t\t<\/div>\n\t\t\t\t\t<\/div>\n\t\t<\/div>\n\t\t\t\t\t<\/div>\n\t\t<\/section>\n\t\t<div class=\"elementor-element elementor-element-22c1730 e-con-full e-flex e-con e-parent\" data-id=\"22c1730\" data-element_type=\"container\">\n\t\t\t\t<div class=\"elementor-element elementor-element-eee1d3d outlined elementor-widget elementor-widget-heading\" data-id=\"eee1d3d\" data-element_type=\"widget\" data-widget_type=\"heading.default\">\n\t\t\t\t<div class=\"elementor-widget-container\">\n\t\t\t\t\t<h1 class=\"elementor-heading-title elementor-size-default\">pensjonat regensburg<\/h1>\t\t\t\t<\/div>\n\t\t\t\t<\/div>\n\t\t\t\t<\/div>\n\t\t\t\t<\/div>\n\t\t","protected":false},"excerpt":{"rendered":"<p>Tymczasowy pobyt wymaga wyposa\u017cenia, kt\u00f3re pozwala na ca\u0142kowite i samowystarczalne \u017cycie, dlatego wszystkie mieszkania BOARD INN w Regensburgu s\u0105 &#8220;gotowe do zamieszkania&#8221;.<\/p>\n","protected":false},"author":1,"featured_media":13493,"parent":0,"menu_order":0,"comment_status":"closed","ping_status":"closed","template":"","meta":{"inline_featured_image":false,"footnotes":""},"class_list":["post-15842","page","type-page","status-publish","has-post-thumbnail","hentry"],"aioseo_notices":[],"_links":{"self":[{"href":"https:\/\/boardinn.de\/pl\/wp-json\/wp\/v2\/pages\/15842","targetHints":{"allow":["GET"]}}],"collection":[{"href":"https:\/\/boardinn.de\/pl\/wp-json\/wp\/v2\/pages"}],"about":[{"href":"https:\/\/boardinn.de\/pl\/wp-json\/wp\/v2\/types\/page"}],"author":[{"embeddable":true,"href":"https:\/\/boardinn.de\/pl\/wp-json\/wp\/v2\/users\/1"}],"replies":[{"embeddable":true,"href":"https:\/\/boardinn.de\/pl\/wp-json\/wp\/v2\/comments?post=15842"}],"version-history":[{"count":1,"href":"https:\/\/boardinn.de\/pl\/wp-json\/wp\/v2\/pages\/15842\/revisions"}],"predecessor-version":[{"id":15844,"href":"https:\/\/boardinn.de\/pl\/wp-json\/wp\/v2\/pages\/15842\/revisions\/15844"}],"wp:featuredmedia":[{"embeddable":true,"href":"https:\/\/boardinn.de\/pl\/wp-json\/wp\/v2\/media\/13493"}],"wp:attachment":[{"href":"https:\/\/boardinn.de\/pl\/wp-json\/wp\/v2\/media?parent=15842"}],"curies":[{"name":"wp","href":"https:\/\/api.w.org\/{rel}","templated":true}]}}