{"id":15877,"date":"2023-10-20T19:54:10","date_gmt":"2023-10-20T17:54:10","guid":{"rendered":"https:\/\/boardinn.de\/nadruk\/"},"modified":"2025-04-23T16:30:30","modified_gmt":"2025-04-23T14:30:30","slug":"nadruk","status":"publish","type":"page","link":"https:\/\/boardinn.de\/pl\/nadruk\/","title":{"rendered":"Nadruk"},"content":{"rendered":"\t\t<div data-elementor-type=\"wp-page\" data-elementor-id=\"15877\" class=\"elementor elementor-15877 elementor-976\" data-elementor-post-type=\"page\">\n\t\t\t\t<div class=\"elementor-element elementor-element-9739fa2 e-flex e-con-boxed e-con e-parent\" data-id=\"9739fa2\" data-element_type=\"container\">\n\t\t\t\t\t<div class=\"e-con-inner\">\n\t\t\t\t<div class=\"elementor-element elementor-element-4929d2d elementor-widget elementor-widget-heading\" data-id=\"4929d2d\" data-element_type=\"widget\" data-widget_type=\"heading.default\">\n\t\t\t\t<div class=\"elementor-widget-container\">\n\t\t\t\t\t<h2 class=\"elementor-heading-title elementor-size-default\">Nadruk<\/h2>\t\t\t\t<\/div>\n\t\t\t\t<\/div>\n\t\t\t\t\t<\/div>\n\t\t\t\t<\/div>\n\t\t<div class=\"elementor-element elementor-element-6896d2f e-flex e-con-boxed e-con e-parent\" data-id=\"6896d2f\" data-element_type=\"container\">\n\t\t\t\t\t<div class=\"e-con-inner\">\n\t\t<div class=\"elementor-element elementor-element-7d0149a e-con-full e-flex e-con e-child\" data-id=\"7d0149a\" data-element_type=\"container\">\n\t\t\t\t<div class=\"elementor-element elementor-element-4a0226c elementor-widget elementor-widget-text-editor\" data-id=\"4a0226c\" data-element_type=\"widget\" data-widget_type=\"text-editor.default\">\n\t\t\t\t<div class=\"elementor-widget-container\">\n\t\t\t\t\t\t\t\t\t<p><\/p>\n<h4>Nazwa i adres firmy:<\/h4>\n<p><\/p>\n<p><strong>BOARD INN &#8211; House Regensburg<br><\/strong>Liebigstra\u00dfe 8<br>93055 Regensburg<\/p>\n<p><\/p>\n<p>Telefon +49 (0) 941 20 910 844<br>Mail: info(at)boardinn.de<br>Web: <a title=\"Board Inn - House Regensburg\" href=\"https:\/\/www.boardinn.de\">www.boardinn.de<\/a> <\/p>\n<p>Identyfikator podatkowy sprzeda\u017cy: DE225793669<\/p>\n<p><\/p>\n<p> <\/p>\n<p><\/p>\n<p><\/p>\n<p><\/p>\n<p><\/p>\t\t\t\t\t\t\t\t<\/div>\n\t\t\t\t<\/div>\n\t\t\t\t<\/div>\n\t\t<div class=\"elementor-element elementor-element-cd2e2be e-con-full e-flex e-con e-child\" data-id=\"cd2e2be\" data-element_type=\"container\">\n\t\t\t\t<div class=\"elementor-element elementor-element-fccacc4 elementor-widget elementor-widget-text-editor\" data-id=\"fccacc4\" data-element_type=\"widget\" data-widget_type=\"text-editor.default\">\n\t\t\t\t<div class=\"elementor-widget-container\">\n\t\t\t\t\t\t\t\t\t<p><\/p>\n<p><\/p>\n<p><\/p>\n<h4>Odpowiedzialny za tre\u015bci redakcyjne:<\/h4>\n<p><\/p>\n<p>Susanne Amann<br>Wszelkie prawa zastrze\u017cone<\/p>\n<p><\/p>\n<h4>Prawa do wizerunku:<\/h4>\n<p><\/p>\n<p>Prawa do zdj\u0119\u0107 nale\u017c\u0105 wy\u0142\u0105cznie do Susanne Amann.<\/p>\n<p><\/p>\n<p><\/p>\n<p><\/p>\t\t\t\t\t\t\t\t<\/div>\n\t\t\t\t<\/div>\n\t\t\t\t<\/div>\n\t\t\t\t\t<\/div>\n\t\t\t\t<\/div>\n\t\t<div class=\"elementor-element elementor-element-1982ee2 e-flex e-con-boxed e-con e-parent\" data-id=\"1982ee2\" data-element_type=\"container\">\n\t\t\t\t\t<div class=\"e-con-inner\">\n\t\t\t\t<div class=\"elementor-element elementor-element-158affe elementor-widget elementor-widget-text-editor\" data-id=\"158affe\" data-element_type=\"widget\" data-widget_type=\"text-editor.default\">\n\t\t\t\t<div class=\"elementor-widget-container\">\n\t\t\t\t\t\t\t\t\t<p><\/p>\n<p>Obowi\u0105zek oznakowania zgodnie z ustaw\u0105 o us\u0142ugach telekomunikacyjnych (w wersji z dnia 21 grudnia 2001 r.).<\/p>\n<p><\/p>\n<p><\/p>\n<p><\/p>\n<p><\/p>\n<p><\/p>\t\t\t\t\t\t\t\t<\/div>\n\t\t\t\t<\/div>\n\t\t\t\t\t<\/div>\n\t\t\t\t<\/div>\n\t\t<div class=\"elementor-element elementor-element-77488713 e-flex e-con-boxed e-con e-parent\" data-id=\"77488713\" data-element_type=\"container\">\n\t\t\t\t\t<div class=\"e-con-inner\">\n\t\t\t\t<div class=\"elementor-element elementor-element-5e1753c2 elementor-widget elementor-widget-text-editor\" data-id=\"5e1753c2\" data-element_type=\"widget\" data-widget_type=\"text-editor.default\">\n\t\t\t\t<div class=\"elementor-widget-container\">\n\t\t\t\t\t\t\t\t\t<p><\/p>\n<p><\/p>\n<p><\/p>\n<p><\/p>\n<p><\/p>\n<h3>Zastrze\u017cenie<\/h3>\n<p><\/p>\n<h4>1. tre\u015b\u0107 oferty online<\/h4>\n<p><\/p>\n<p>Board Inn nie ponosi odpowiedzialno\u015bci za aktualno\u015b\u0107, poprawno\u015b\u0107, kompletno\u015b\u0107 lub jako\u015b\u0107 dostarczonych informacji. Roszczenia z tytu\u0142u odpowiedzialno\u015bci wobec schmid architekten dotycz\u0105ce szk\u00f3d materialnych lub niematerialnych spowodowanych wykorzystaniem lub niewykorzystaniem dostarczonych informacji lub wykorzystaniem nieprawid\u0142owych lub niekompletnych informacji s\u0105 zasadniczo wykluczone, chyba \u017ce istniej\u0105 dowody umy\u015blnego dzia\u0142ania lub ra\u017c\u0105cego niedbalstwa ze strony schmid architekten.<br>Wszystkie oferty s\u0105 niewi\u0105\u017c\u0105ce i niezobowi\u0105zuj\u0105ce. Board Inn wyra\u017anie zastrzega sobie prawo do zmiany, uzupe\u0142nienia lub usuni\u0119cia cz\u0119\u015bci stron lub ca\u0142ej oferty bez uprzedniego powiadomienia lub do zaprzestania publikacji tymczasowo lub na sta\u0142e.  <\/p>\n<p><\/p>\n<h4>2. odniesienia i linki<\/h4>\n<p><\/p>\n<p>W przypadku bezpo\u015brednich lub po\u015brednich odniesie\u0144 do zewn\u0119trznych stron internetowych (&#8220;hiper\u0142\u0105cza&#8221;), kt\u00f3re le\u017c\u0105 poza obszarem odpowiedzialno\u015bci Board Inn, obowi\u0105zek odpowiedzialno\u015bci wchodzi w \u017cycie tylko w przypadku, gdy Board Inn posiada wiedz\u0119 o tre\u015bci i by\u0142oby technicznie mo\u017cliwe i uzasadnione, aby Board Inn uniemo\u017cliwi\u0142 korzystanie z nich w przypadku nielegalnych tre\u015bci.<br>Board Inn niniejszym wyra\u017anie o\u015bwiadcza, \u017ce w momencie tworzenia link\u00f3w, \u017cadne nielegalne tre\u015bci nie by\u0142y rozpoznawalne na po\u0142\u0105czonych stronach. Board Inn nie ma \u017cadnego wp\u0142ywu na obecny i przysz\u0142y wygl\u0105d, zawarto\u015b\u0107 lub autorstwo stron, do kt\u00f3rych prowadz\u0105 linki. Dlatego niniejszym wyra\u017anie dystansujemy si\u0119 od wszystkich tre\u015bci wszystkich stron, do kt\u00f3rych prowadz\u0105 linki, kt\u00f3re zosta\u0142y zmienione po utworzeniu linku. O\u015bwiadczenie to dotyczy wszystkich link\u00f3w i odno\u015bnik\u00f3w umieszczonych w ramach w\u0142asnej oferty internetowej, a tak\u017ce zewn\u0119trznych wpis\u00f3w w ksi\u0119gach go\u015bci, forach dyskusyjnych, katalogach link\u00f3w, listach mailingowych i we wszystkich innych formach baz danych utworzonych przez autora, do kt\u00f3rych zawarto\u015bci mo\u017cliwy jest zewn\u0119trzny dost\u0119p do zapisu. Odpowiedzialno\u015b\u0107 za nielegalne, b\u0142\u0119dne lub niekompletne tre\u015bci, a w szczeg\u00f3lno\u015bci za szkody wynikaj\u0105ce z wykorzystania lub niewykorzystania takich informacji, spoczywa wy\u0142\u0105cznie na dostawcy strony, do kt\u00f3rej nast\u0119puje odniesienie, a nie na osobie, kt\u00f3ra jedynie odsy\u0142a do danej publikacji za po\u015brednictwem link\u00f3w.    <\/p>\n<p><\/p>\n<h4>3. prawo autorskie i prawo dotycz\u0105ce etykietowania<\/h4>\n<p><\/p>\n<p>Board Inn dok\u0142ada wszelkich stara\u0144, aby przestrzega\u0107 praw autorskich do obraz\u00f3w, grafik, dokument\u00f3w d\u017awi\u0119kowych, sekwencji wideo i tekst\u00f3w wykorzystywanych we wszystkich publikacjach, wykorzystywa\u0107 obrazy, grafiki, dokumenty d\u017awi\u0119kowe, sekwencje wideo i teksty stworzone przez sam\u0105 Board Inn lub wykorzystywa\u0107 grafiki, dokumenty d\u017awi\u0119kowe, sekwencje wideo i teksty bez licencji.<br>Wszystkie marki i znaki towarowe wymienione na stronie internetowej i ewentualnie chronione przez osoby trzecie podlegaj\u0105 bez ogranicze\u0144 przepisom obowi\u0105zuj\u0105cego prawa o znakach towarowych i prawom w\u0142asno\u015bci odpowiednich zarejestrowanych w\u0142a\u015bcicieli. Samo wymienienie znaku towarowego nie oznacza, \u017ce nie jest on chroniony prawami os\u00f3b trzecich! <br>Prawa autorskie do opublikowanych obiekt\u00f3w stworzonych przez samego autora nale\u017c\u0105 wy\u0142\u0105cznie do autora stron. Powielanie lub wykorzystywanie obiekt\u00f3w takich jak diagramy, d\u017awi\u0119ki lub teksty w innych publikacjach elektronicznych lub drukowanych jest niedozwolone bez zgody schmid architekten. <\/p>\n<p><\/p>\n<h4>4. ochrona danych<\/h4>\n<p><\/p>\n<p>Je\u015bli istnieje mo\u017cliwo\u015b\u0107 wprowadzenia danych osobowych lub biznesowych (adresy e-mail, imi\u0119 i nazwisko, adresy), wprowadzenie tych danych odbywa si\u0119 dobrowolnie. Korzystanie i op\u0142acanie wszystkich oferowanych us\u0142ug jest &#8211; o ile jest to technicznie mo\u017cliwe i uzasadnione &#8211; dozwolone r\u00f3wnie\u017c bez podawania takich danych lub poprzez podanie danych zanonimizowanych lub pseudonimu. Wykorzystywanie danych kontaktowych, takich jak adresy pocztowe, numery telefon\u00f3w i faks\u00f3w oraz adresy e-mail opublikowane w stopce redakcyjnej lub por\u00f3wnywalnych informacji przez osoby trzecie w celu przesy\u0142ania informacji, kt\u00f3re nie zosta\u0142y wyra\u017anie zam\u00f3wione, jest niedozwolone. Zastrzegamy sobie prawo do podj\u0119cia krok\u00f3w prawnych przeciwko nadawcom tzw. spamu w przypadku naruszenia tego zakazu.   <\/p>\n<p><\/p>\n<h4>5 Wa\u017cno\u015b\u0107 prawna niniejszego wy\u0142\u0105czenia odpowiedzialno\u015bci<\/h4>\n<p><\/p>\n<p>Niniejsze wy\u0142\u0105czenie odpowiedzialno\u015bci nale\u017cy traktowa\u0107 jako cz\u0119\u015b\u0107 publikacji internetowej, z kt\u00f3rej u\u017cytkownik zosta\u0142 przekierowany. Je\u015bli sekcje lub poszczeg\u00f3lne warunki niniejszego o\u015bwiadczenia nie s\u0105 zgodne z prawem lub prawid\u0142owe, fakt ten nie ma wp\u0142ywu na tre\u015b\u0107 lub wa\u017cno\u015b\u0107 pozosta\u0142ych cz\u0119\u015bci. <\/p>\n<p><\/p>\t\t\t\t\t\t\t\t<\/div>\n\t\t\t\t<\/div>\n\t\t\t\t\t<\/div>\n\t\t\t\t<\/div>\n\t\t\t\t<\/div>\n\t\t","protected":false},"excerpt":{"rendered":"<p>Nadruk Nazwa i adres firmy: BOARD INN &#8211; House RegensburgLiebigstra\u00dfe 893055 Regensburg Telefon +49 (0) 941 20 910 844Mail: info(at)boardinn.deWeb: www.boardinn.de Identyfikator podatkowy sprzeda\u017cy: DE225793669 Odpowiedzialny za tre\u015bci redakcyjne: Susanne AmannWszelkie prawa zastrze\u017cone Prawa do wizerunku: Prawa do zdj\u0119\u0107 nale\u017c\u0105 wy\u0142\u0105cznie do Susanne Amann. Obowi\u0105zek oznakowania zgodnie z ustaw\u0105 o us\u0142ugach telekomunikacyjnych (w wersji z [&hellip;]<\/p>\n","protected":false},"author":1,"featured_media":0,"parent":0,"menu_order":0,"comment_status":"closed","ping_status":"closed","template":"","meta":{"inline_featured_image":false,"footnotes":""},"class_list":["post-15877","page","type-page","status-publish","hentry"],"aioseo_notices":[],"_links":{"self":[{"href":"https:\/\/boardinn.de\/pl\/wp-json\/wp\/v2\/pages\/15877","targetHints":{"allow":["GET"]}}],"collection":[{"href":"https:\/\/boardinn.de\/pl\/wp-json\/wp\/v2\/pages"}],"about":[{"href":"https:\/\/boardinn.de\/pl\/wp-json\/wp\/v2\/types\/page"}],"author":[{"embeddable":true,"href":"https:\/\/boardinn.de\/pl\/wp-json\/wp\/v2\/users\/1"}],"replies":[{"embeddable":true,"href":"https:\/\/boardinn.de\/pl\/wp-json\/wp\/v2\/comments?post=15877"}],"version-history":[{"count":7,"href":"https:\/\/boardinn.de\/pl\/wp-json\/wp\/v2\/pages\/15877\/revisions"}],"predecessor-version":[{"id":15902,"href":"https:\/\/boardinn.de\/pl\/wp-json\/wp\/v2\/pages\/15877\/revisions\/15902"}],"wp:attachment":[{"href":"https:\/\/boardinn.de\/pl\/wp-json\/wp\/v2\/media?parent=15877"}],"curies":[{"name":"wp","href":"https:\/\/api.w.org\/{rel}","templated":true}]}}