{"id":15962,"date":"2020-11-03T19:56:32","date_gmt":"2020-11-03T18:56:32","guid":{"rendered":"https:\/\/boardinn.de\/sklep\/transakcja-nie-powiodla-sie\/"},"modified":"2020-11-03T19:56:32","modified_gmt":"2020-11-03T18:56:32","slug":"transakcja-nie-powiodla-sie","status":"publish","type":"page","link":"https:\/\/boardinn.de\/pl\/sklep\/transakcja-nie-powiodla-sie\/","title":{"rendered":"Transakcja nie powiod\u0142a si\u0119"},"content":{"rendered":"<p>Niestety transakcja nie mo\u017ce zosta\u0107 zrealizowana w tym momencie. Spr\u00f3buj ponownie lub skontaktuj si\u0119 z nami. <\/p>\n","protected":false},"excerpt":{"rendered":"<p>Niestety transakcja nie mo\u017ce zosta\u0107 zrealizowana w tym momencie. Spr\u00f3buj ponownie lub skontaktuj si\u0119 z nami.<\/p>\n","protected":false},"author":1,"featured_media":0,"parent":9962,"menu_order":0,"comment_status":"closed","ping_status":"closed","template":"","meta":{"inline_featured_image":false,"footnotes":""},"class_list":["post-15962","page","type-page","status-publish","hentry"],"aioseo_notices":[],"_links":{"self":[{"href":"https:\/\/boardinn.de\/pl\/wp-json\/wp\/v2\/pages\/15962","targetHints":{"allow":["GET"]}}],"collection":[{"href":"https:\/\/boardinn.de\/pl\/wp-json\/wp\/v2\/pages"}],"about":[{"href":"https:\/\/boardinn.de\/pl\/wp-json\/wp\/v2\/types\/page"}],"author":[{"embeddable":true,"href":"https:\/\/boardinn.de\/pl\/wp-json\/wp\/v2\/users\/1"}],"replies":[{"embeddable":true,"href":"https:\/\/boardinn.de\/pl\/wp-json\/wp\/v2\/comments?post=15962"}],"version-history":[{"count":0,"href":"https:\/\/boardinn.de\/pl\/wp-json\/wp\/v2\/pages\/15962\/revisions"}],"up":[{"embeddable":true,"href":"https:\/\/boardinn.de\/pl\/wp-json\/wp\/v2\/pages\/9962"}],"wp:attachment":[{"href":"https:\/\/boardinn.de\/pl\/wp-json\/wp\/v2\/media?parent=15962"}],"curies":[{"name":"wp","href":"https:\/\/api.w.org\/{rel}","templated":true}]}}