{"id":16219,"date":"2020-11-03T20:11:24","date_gmt":"2020-11-03T19:11:24","guid":{"rendered":"https:\/\/boardinn.de\/strona-glowna\/board-inn-the-boardinghouse\/"},"modified":"2025-04-23T16:48:38","modified_gmt":"2025-04-23T14:48:38","slug":"board-inn-the-boardinghouse","status":"publish","type":"page","link":"https:\/\/boardinn.de\/pl\/strona-glowna\/board-inn-the-boardinghouse\/","title":{"rendered":"Board Inn &#8211; The Boardinghouse"},"content":{"rendered":"","protected":false},"excerpt":{"rendered":"<p>Wsp\u00f3\u0142czesna praca i nowoczesne podr\u00f3\u017ce wymagaj\u0105 dostosowanych, elastycznych i niedrogich form \u017cycia.<br \/>\nOdpowiednim rozwi\u0105zaniem jest pensjonat.<\/p>\n","protected":false},"author":1,"featured_media":13038,"parent":16181,"menu_order":0,"comment_status":"closed","ping_status":"closed","template":"","meta":{"inline_featured_image":false,"footnotes":""},"class_list":["post-16219","page","type-page","status-publish","has-post-thumbnail","hentry"],"aioseo_notices":[],"_links":{"self":[{"href":"https:\/\/boardinn.de\/pl\/wp-json\/wp\/v2\/pages\/16219","targetHints":{"allow":["GET"]}}],"collection":[{"href":"https:\/\/boardinn.de\/pl\/wp-json\/wp\/v2\/pages"}],"about":[{"href":"https:\/\/boardinn.de\/pl\/wp-json\/wp\/v2\/types\/page"}],"author":[{"embeddable":true,"href":"https:\/\/boardinn.de\/pl\/wp-json\/wp\/v2\/users\/1"}],"replies":[{"embeddable":true,"href":"https:\/\/boardinn.de\/pl\/wp-json\/wp\/v2\/comments?post=16219"}],"version-history":[{"count":1,"href":"https:\/\/boardinn.de\/pl\/wp-json\/wp\/v2\/pages\/16219\/revisions"}],"predecessor-version":[{"id":16220,"href":"https:\/\/boardinn.de\/pl\/wp-json\/wp\/v2\/pages\/16219\/revisions\/16220"}],"up":[{"embeddable":true,"href":"https:\/\/boardinn.de\/pl\/wp-json\/wp\/v2\/pages\/16181"}],"wp:featuredmedia":[{"embeddable":true,"href":"https:\/\/boardinn.de\/pl\/wp-json\/wp\/v2\/media\/13038"}],"wp:attachment":[{"href":"https:\/\/boardinn.de\/pl\/wp-json\/wp\/v2\/media?parent=16219"}],"curies":[{"name":"wp","href":"https:\/\/api.w.org\/{rel}","templated":true}]}}