{"id":16828,"date":"2025-05-22T16:15:48","date_gmt":"2025-05-22T14:15:48","guid":{"rendered":"https:\/\/boardinn.de\/potwierdzenie-samodzielnego-zameldowania\/"},"modified":"2025-10-25T00:07:37","modified_gmt":"2025-10-24T22:07:37","slug":"potwierdzenie-samodzielnego-zameldowania","status":"publish","type":"page","link":"https:\/\/boardinn.de\/pl\/potwierdzenie-samodzielnego-zameldowania\/","title":{"rendered":"Potwierdzenie samodzielnego zameldowania"},"content":{"rendered":"\t\t<div data-elementor-type=\"wp-page\" data-elementor-id=\"16828\" class=\"elementor elementor-16828 elementor-16749\" data-elementor-post-type=\"page\">\n\t\t\t\t<div class=\"elementor-element elementor-element-c3c6c52 e-flex e-con-boxed e-con e-parent\" data-id=\"c3c6c52\" data-element_type=\"container\">\n\t\t\t\t\t<div class=\"e-con-inner\">\n\t\t\t\t<div class=\"elementor-element elementor-element-3225dd8 elementor-widget elementor-widget-heading\" data-id=\"3225dd8\" data-element_type=\"widget\" data-widget_type=\"heading.default\">\n\t\t\t\t<div class=\"elementor-widget-container\">\n\t\t\t\t\t<h2 class=\"elementor-heading-title elementor-size-default\">Wa\u017cne uwagi dotycz\u0105ce rejestracji<\/h2>\t\t\t\t<\/div>\n\t\t\t\t<\/div>\n\t\t\t\t\t<\/div>\n\t\t\t\t<\/div>\n\t\t<div class=\"elementor-element elementor-element-4e89d673 e-flex e-con-boxed e-con e-parent\" data-id=\"4e89d673\" data-element_type=\"container\">\n\t\t\t\t\t<div class=\"e-con-inner\">\n\t\t\t\t<div class=\"elementor-element elementor-element-4a0edf88 elementor-widget elementor-widget-image\" data-id=\"4a0edf88\" data-element_type=\"widget\" data-widget_type=\"image.default\">\n\t\t\t\t<div class=\"elementor-widget-container\">\n\t\t\t\t\t\t\t\t\t\t\t\t\t\t\t<img decoding=\"async\" src=\"https:\/\/boardinn.de\/wp-content\/uploads\/2025\/05\/KeyCheckIn-Hand2-Best-cam2-600x459.png\" title=\"KeyCheckIn-Hand2-Best-cam2\" alt=\"KeyCheckIn-Hand2-Best-cam2\" loading=\"lazy\" \/>\t\t\t\t\t\t\t\t\t\t\t\t\t\t\t<\/div>\n\t\t\t\t<\/div>\n\t\t\t\t\t<\/div>\n\t\t\t\t<\/div>\n\t\t<div class=\"elementor-element elementor-element-2be5d69 e-flex e-con-boxed e-con e-parent\" data-id=\"2be5d69\" data-element_type=\"container\">\n\t\t\t\t\t<div class=\"e-con-inner\">\n\t\t\t\t<div class=\"elementor-element elementor-element-539049d elementor-widget elementor-widget-text-editor\" data-id=\"539049d\" data-element_type=\"widget\" data-widget_type=\"text-editor.default\">\n\t\t\t\t<div class=\"elementor-widget-container\">\n\t\t\t\t\t\t\t\t\t<h3 class=\"p1\"><span class=\"s1\">Uwaga:<\/span><\/h3><p class=\"p1\"><span class=\"s2\">Dokona\u0142e\u015b rezerwacji dla okre\u015blonej liczby os\u00f3b. Wszelkie przypadkowe lub konieczne spontaniczne noclegi dodatkowych os\u00f3b musz\u0105 zosta\u0107 <span style=\"text-decoration: underline;\">niezw\u0142ocznie zg\u0142oszone<\/span>. <\/span><\/p><ul class=\"ul1\"><li class=\"li1\"><span class=\"s2\"><strong>Zakwaterowanie<\/strong> dodatkowych os\u00f3b, nawet w p\u00f3\u017aniejszym &#8230;<\/span><\/li><li class=\"li1\"><span class=\"s2\"><strong>Przekazanie<\/strong> mieszka\u0144 innym osobom &#8230;<\/span><\/li><li class=\"li1\"><span class=\"s2\"><strong>Przekazywanie<\/strong> klucza innym lub dodatkowym osobom &#8230;<\/span><\/li><\/ul><p class=\"p1\"><span class=\"s2\">jest niedozwolone bez naszej wiedzy lub zgody, prowadzi do zerwania umowy bez powiadomienia i <strong>natychmiastowego wymeldowania<\/strong>, bez prawa do zwrotu pozosta\u0142ego czasu rezerwacji, por\u00f3wnywalnego i odpowiadaj\u0105cego anulowaniu w przypadku nieprzybycia (zgodnie z Og\u00f3lnymi Warunkami).<\/span><\/p><p class=\"p1\"><span class=\"s2\">Zamiast natychmiastowego wymeldowania, w indywidualnych przypadkach zastrzegamy sobie prawo do natychmiastowego wystawienia faktury za ca\u0142y okres rezerwacji dla odpowiedniej liczby os\u00f3b zgodnie z naszymi cenami. Dotyczy to <span style=\"text-decoration: underline;\">pojedynczego niezarejestrowanego noclegu<\/span>. <\/span><\/p><p class=\"p1\"><span class=\"s2\">Stosunek umowny uznaje si\u0119 za rozwi\u0105zany, a zarezerwowane zakwaterowanie mo\u017ce by\u0107 kontynuowane &#8211; z dodatkowymi go\u015b\u0107mi lub bez nich &#8211; tylko w przypadku p\u00f3\u017aniejszego rozliczenia zaakceptowanego przez nas.  <\/span><\/p><p class=\"p1\"><span class=\"s2\">W przeciwnym razie zastosowanie maj\u0105 <a title=\"Og\u00f3lne warunki handlowe\" href=\"https:\/\/boardinn.de\/pl\/ogolne-warunki-handlowe\/\">OWH<\/a><\/span><\/p>\t\t\t\t\t\t\t\t<\/div>\n\t\t\t\t<\/div>\n\t\t\t\t\t<\/div>\n\t\t\t\t<\/div>\n\t\t\t\t<\/div>\n\t\t","protected":false},"excerpt":{"rendered":"<p>Wa\u017cne uwagi dotycz\u0105ce rejestracji Uwaga: Dokona\u0142e\u015b rezerwacji dla okre\u015blonej liczby os\u00f3b. Wszelkie przypadkowe lub konieczne spontaniczne noclegi dodatkowych os\u00f3b musz\u0105 zosta\u0107 niezw\u0142ocznie zg\u0142oszone. Zakwaterowanie dodatkowych os\u00f3b, nawet w p\u00f3\u017aniejszym &#8230; Przekazanie mieszka\u0144 innym osobom &#8230; Przekazywanie klucza innym lub dodatkowym osobom &#8230; jest niedozwolone bez naszej wiedzy lub zgody, prowadzi do zerwania umowy bez powiadomienia [&hellip;]<\/p>\n","protected":false},"author":1,"featured_media":0,"parent":0,"menu_order":0,"comment_status":"closed","ping_status":"closed","template":"","meta":{"inline_featured_image":false,"footnotes":""},"class_list":["post-16828","page","type-page","status-publish","hentry"],"aioseo_notices":[],"_links":{"self":[{"href":"https:\/\/boardinn.de\/pl\/wp-json\/wp\/v2\/pages\/16828","targetHints":{"allow":["GET"]}}],"collection":[{"href":"https:\/\/boardinn.de\/pl\/wp-json\/wp\/v2\/pages"}],"about":[{"href":"https:\/\/boardinn.de\/pl\/wp-json\/wp\/v2\/types\/page"}],"author":[{"embeddable":true,"href":"https:\/\/boardinn.de\/pl\/wp-json\/wp\/v2\/users\/1"}],"replies":[{"embeddable":true,"href":"https:\/\/boardinn.de\/pl\/wp-json\/wp\/v2\/comments?post=16828"}],"version-history":[{"count":3,"href":"https:\/\/boardinn.de\/pl\/wp-json\/wp\/v2\/pages\/16828\/revisions"}],"predecessor-version":[{"id":18253,"href":"https:\/\/boardinn.de\/pl\/wp-json\/wp\/v2\/pages\/16828\/revisions\/18253"}],"wp:attachment":[{"href":"https:\/\/boardinn.de\/pl\/wp-json\/wp\/v2\/media?parent=16828"}],"curies":[{"name":"wp","href":"https:\/\/api.w.org\/{rel}","templated":true}]}}